{"id":101,"date":"2016-04-26T15:13:29","date_gmt":"2016-04-26T13:13:29","guid":{"rendered":"https:\/\/www.psf-securite.fr\/en\/?page_id=101"},"modified":"2021-02-22T09:40:08","modified_gmt":"2021-02-22T08:40:08","slug":"installation","status":"publish","type":"page","link":"https:\/\/www.psf-securite.fr\/en\/installation\/","title":{"rendered":"Installation"},"content":{"rendered":"<div class=\"jhH5U\">\n<div id=\"tw-ob\" class=\"tw-src-ltr\">\n<div class=\"oSioSc\">\n<div id=\"tw-target\">\n<div id=\"kAz1tf\" class=\"g9WsWb\">\n<div id=\"tw-target-text-container\" class=\"tw-ta-container hide-focus-ring tw-nfl\" tabindex=\"0\">\n<div class=\"jhH5U\">\n<div id=\"tw-ob\" class=\"tw-src-ltr\">\n<div class=\"oSioSc\">\n<div id=\"tw-target\">\n<div id=\"kAz1tf\" class=\"g9WsWb\">\n<div id=\"tw-target-text-container\" class=\"tw-ta-container hide-focus-ring tw-nfl\" tabindex=\"0\">\n<p id=\"tw-target-text\" class=\"tw-data-text tw-text-large XcVN5d tw-ta\" dir=\"ltr\" data-placeholder=\"Traduction\"><span lang=\"en\">During installation, we respect <strong>precise and orderly specifications<\/strong> to support our client in all stages of his project.<\/span><\/p>\n<\/div>\n<div class=\"iYB33c\">\n<div class=\"dlJLJe\">\n<div data-cviv=\"false\" data-ved=\"2ahUKEwjuzr6mzqXuAhUHaBoKHb-pDdAQz_AEMAB6BAgBEA8\">\n<div class=\"U9URNb\"><img decoding=\"async\" id=\"dimg_9\" class=\"rISBZc M4dUYb\" src=\"data:image\/png;base64,iVBORw0KGgoAAAANSUhEUgAAABQAAAAUCAQAAAAngNWGAAAA\/0lEQVR4AYXNMSiEcRyA4cfmGHQbCZIipkuxnJgMStlMNmeyD2dwmc8+sZgxYJd9ErIZFHUyYYD7fkr6l4\/rnvmtl7+KitrqV\/fq2Y5eLY3Z9S48eRLe7BmVZ9qhTLhQ0algzZWQOVKSsCF8OjAnwbxDTWFDUhPK\/jMr1H6HE\/IqRky2DyvCefuwItwZzodVoYRiLqMkVCXrwpJ9twZ+sgfDYEFYl8wIWxZ9uFf7zkallxlJh4YrLGsKjZRx7VGHhLqwgFUN45DGdb8MeXGpgB4ABZdeDcpZEY51A+hyLKz4S1W4MQWm3AibWtgWmk6dyISa1pSdyWTOlLXVp0+eL9D\/ZPfBTNanAAAAAElFTkSuQmCC\" alt=\"Ic\u00f4ne de validation par la communaut\u00e9\" width=\"16\" height=\"16\" data-atf=\"0\" \/><\/div>\n<\/div>\n<\/div>\n<\/div>\n<\/div>\n<\/div>\n<\/div>\n<\/div>\n<\/div>\n<\/div>\n<\/div>\n<\/div>\n<\/div>\n<\/div>\n<\/div>\n<h3 id=\"tw-target-text\" class=\"tw-data-text tw-text-large XcVN5d tw-ta\" dir=\"ltr\" data-placeholder=\"Traduction\"><span lang=\"en\">Location analysis<\/span><\/h3>\n<p>Before setting up a video surveillance, alarm or fire system; our security technician and the project manager will work together to develop the desired type of architecture as well as the needs<\/p>\n<ol style=\"text-align: justify;\">\n<li>Project study: PSF S\u00e9curit\u00e9 and the client will together define the objectives of the video surveillance, alarm or fire-fighting system.<\/li>\n<li>Equipment selection: The selection of technical equipment is necessary for the achievement of the objectives, the structure of the installation and the scalability of the system that have been defined.<\/li>\n<\/ol>\n<h3 style=\"text-align: justify;\">\u00a0Expertise<\/h3>\n<p style=\"text-align: justify;\">Secondly, PSF S\u00e9curit\u00e9 establishes its specifications and the chosen offer with the various elements selected:<\/p>\n<ol style=\"text-align: justify;\">\n<li>Functional study: the security system installation project is studied according to the result of the analysis of the places to be secured<\/li>\n<li>Project validation: PSF security, before any implementation of the project, validates the objectives and the terms of equipment with the customer<\/li>\n<\/ol>\n<h3 style=\"text-align: justify;\">Advice and solution proposal adapted to the environment<\/h3>\n<ol style=\"text-align: justify;\">\n<li>Duty of advice: the PSF security team carries out the project in accordance with the client&#8217;s request and according to the work schedule previously set.<\/li>\n<li>Auditing of standards and certifications: an expertise from PSF S\u00e9curit\u00e9 identifies the installations put in place and verifies that they have been properly brought into conformity in accordance with the laws applicable on a case-by-case basis.<\/li>\n<\/ol>\n<h3 id=\"tw-target-text\" class=\"tw-data-text tw-text-large XcVN5d tw-ta\" dir=\"ltr\" data-placeholder=\"Traduction\"><span lang=\"en\">Coordination and site monitoring<\/span><\/h3>\n<p id=\"tw-target-text\" class=\"tw-data-text tw-text-large XcVN5d tw-ta\" dir=\"ltr\" data-placeholder=\"Traduction\"><span lang=\"en\">Our team of security advisers ensure the technical monitoring of the site and connect the equipment of the alarm and video surveillance system for optimum service:<\/span><\/p>\n<ol style=\"text-align: justify;\">\n<li>\n<p id=\"tw-target-text\" class=\"tw-data-text tw-text-large XcVN5d tw-ta\" dir=\"ltr\" data-placeholder=\"Traduction\"><span lang=\"en\">Site preparation and equipment testing<\/span><\/p>\n<\/li>\n<li>Installation of the components of the video surveillance and alarm system<\/li>\n<li>\n<p id=\"tw-target-text\" class=\"tw-data-text tw-text-large XcVN5d tw-ta\" dir=\"ltr\" data-placeholder=\"Traduction\"><span lang=\"en\">Control of work progress and commissioning of the safety system<\/span><\/p>\n<\/li>\n<\/ol>\n<h3 id=\"tw-target-text\" class=\"tw-data-text tw-text-large XcVN5d tw-ta\" dir=\"ltr\" data-placeholder=\"Traduction\"><span lang=\"en\">Setup\u00a0<\/span><\/h3>\n<p id=\"tw-target-text\" class=\"tw-data-text tw-text-large XcVN5d tw-ta\" dir=\"ltr\" data-placeholder=\"Traduction\"><span lang=\"en\">PSF S\u00e9curit\u00e9 performs the following tests and technical settings:<\/span><\/p>\n<ol style=\"text-align: justify;\">\n<li>\n<p id=\"tw-target-text\" class=\"tw-data-text tw-text-large XcVN5d tw-ta\" dir=\"ltr\" data-placeholder=\"Traduction\"><span lang=\"en\">Fire safety, alarm or video surveillance system<\/span><\/p>\n<\/li>\n<li>\n<p id=\"tw-target-text\" class=\"tw-data-text tw-text-large XcVN5d tw-ta\" dir=\"ltr\" data-placeholder=\"Traduction\"><span lang=\"en\">Connection to the computer network in connection with the security system<\/span><\/p>\n<\/li>\n<\/ol>\n<h3 id=\"tw-target-text\" class=\"tw-data-text tw-text-large XcVN5d tw-ta\" dir=\"ltr\" data-placeholder=\"Traduction\"><span lang=\"en\">Skill transfer<\/span><\/h3>\n<p style=\"text-align: justify;\">The transfer of skills allows the user to quickly learn about the equipment and its functionalities:<\/p>\n<ul style=\"text-align: justify;\">\n<li>Configuration and administration of security systems<\/li>\n<li>Prevention of common device malfunctions<\/li>\n<li>Image search and video footage extraction<\/li>\n<li>Alarm simulation and intrusion detector<\/li>\n<\/ul>\n<p style=\"text-align: justify;\">And many others\u2026<\/p>\n<h3 style=\"text-align: justify;\">System care and maintenance with customer follow-up<\/h3>\n<p style=\"text-align: justify;\">In a spirit of partnership, we remain at your disposal for any request for audits, in order to think with you about the solutions to be developed and to respond to your problems of tomorrow.<\/p>\n<p><a href=\"#_ftnref1\" name=\"_ftn1\"><\/a><a href=\"#_ftnref3\" name=\"_ftn3\"><\/a><\/p>\n","protected":false},"excerpt":{"rendered":"<p>During installation, we respect precise and orderly specifications to support our client in all stages of his project.<\/p>\n<p>Location analysis<br \/>\nBefore setting up a video surveillance, alarm or fire system; our security technician and the project manager [&#8230;]<\/p>\n","protected":false},"author":1,"featured_media":2378,"parent":0,"menu_order":0,"comment_status":"closed","ping_status":"closed","template":"","meta":{"_acf_changed":false,"footnotes":""},"class_list":["post-101","page","type-page","status-publish","has-post-thumbnail","hentry"],"acf":[],"yoast_head":"<!-- This site is optimized with the Yoast SEO plugin v27.5 - https:\/\/yoast.com\/product\/yoast-seo-wordpress\/ -->\n<title>Security systems installer - Syst\u00e8mes de S\u00e9curit\u00e9<\/title>\n<meta name=\"description\" content=\"During installation, we respect precise and orderly specifications to support our client in all stages of his project.\" \/>\n<meta name=\"robots\" content=\"index, follow, max-snippet:-1, max-image-preview:large, max-video-preview:-1\" \/>\n<link rel=\"canonical\" href=\"https:\/\/www.psf-securite.fr\/en\/installation\/\" \/>\n<meta property=\"og:locale\" content=\"en_US\" \/>\n<meta property=\"og:type\" content=\"article\" \/>\n<meta property=\"og:title\" content=\"Security systems installer - Syst\u00e8mes de S\u00e9curit\u00e9\" \/>\n<meta property=\"og:description\" content=\"During installation, we respect precise and orderly specifications to support our client in all stages of his project.\" \/>\n<meta property=\"og:url\" content=\"https:\/\/www.psf-securite.fr\/en\/installation\/\" \/>\n<meta property=\"og:site_name\" content=\"Syst\u00e8mes de S\u00e9curit\u00e9\" \/>\n<meta property=\"article:modified_time\" content=\"2021-02-22T08:40:08+00:00\" \/>\n<meta property=\"og:image\" content=\"https:\/\/www.psf-securite.fr\/wp-content\/uploads\/2016\/06\/psf-securite-installation.jpg\" \/>\n\t<meta property=\"og:image:width\" content=\"1600\" \/>\n\t<meta property=\"og:image:height\" content=\"1067\" \/>\n\t<meta property=\"og:image:type\" content=\"image\/jpeg\" \/>\n<meta name=\"twitter:card\" content=\"summary_large_image\" \/>\n<meta name=\"twitter:label1\" content=\"Est. reading time\" \/>\n\t<meta name=\"twitter:data1\" content=\"2 minutes\" \/>\n<script type=\"application\/ld+json\" class=\"yoast-schema-graph\">{\"@context\":\"https:\\\/\\\/schema.org\",\"@graph\":[{\"@type\":\"WebPage\",\"@id\":\"https:\\\/\\\/www.psf-securite.fr\\\/en\\\/installation\\\/\",\"url\":\"https:\\\/\\\/www.psf-securite.fr\\\/en\\\/installation\\\/\",\"name\":\"Security systems installer - Syst\u00e8mes de S\u00e9curit\u00e9\",\"isPartOf\":{\"@id\":\"https:\\\/\\\/www.psf-securite.fr\\\/en\\\/#website\"},\"primaryImageOfPage\":{\"@id\":\"https:\\\/\\\/www.psf-securite.fr\\\/en\\\/installation\\\/#primaryimage\"},\"image\":{\"@id\":\"https:\\\/\\\/www.psf-securite.fr\\\/en\\\/installation\\\/#primaryimage\"},\"thumbnailUrl\":\"https:\\\/\\\/www.psf-securite.fr\\\/wp-content\\\/uploads\\\/2023\\\/05\\\/PSF-securite-35.jpg\",\"datePublished\":\"2016-04-26T13:13:29+00:00\",\"dateModified\":\"2021-02-22T08:40:08+00:00\",\"description\":\"During installation, we respect precise and orderly specifications to support our client in all stages of his project.\",\"breadcrumb\":{\"@id\":\"https:\\\/\\\/www.psf-securite.fr\\\/en\\\/installation\\\/#breadcrumb\"},\"inLanguage\":\"en-US\",\"potentialAction\":[{\"@type\":\"ReadAction\",\"target\":[\"https:\\\/\\\/www.psf-securite.fr\\\/en\\\/installation\\\/\"]}]},{\"@type\":\"ImageObject\",\"inLanguage\":\"en-US\",\"@id\":\"https:\\\/\\\/www.psf-securite.fr\\\/en\\\/installation\\\/#primaryimage\",\"url\":\"https:\\\/\\\/www.psf-securite.fr\\\/wp-content\\\/uploads\\\/2023\\\/05\\\/PSF-securite-35.jpg\",\"contentUrl\":\"https:\\\/\\\/www.psf-securite.fr\\\/wp-content\\\/uploads\\\/2023\\\/05\\\/PSF-securite-35.jpg\",\"width\":1330,\"height\":1330},{\"@type\":\"BreadcrumbList\",\"@id\":\"https:\\\/\\\/www.psf-securite.fr\\\/en\\\/installation\\\/#breadcrumb\",\"itemListElement\":[{\"@type\":\"ListItem\",\"position\":1,\"name\":\"Accueil\",\"item\":\"https:\\\/\\\/www.psf-securite.fr\\\/en\\\/\"},{\"@type\":\"ListItem\",\"position\":2,\"name\":\"Installation\"}]},{\"@type\":\"WebSite\",\"@id\":\"https:\\\/\\\/www.psf-securite.fr\\\/en\\\/#website\",\"url\":\"https:\\\/\\\/www.psf-securite.fr\\\/en\\\/\",\"name\":\"Syst\u00e8mes de S\u00e9curit\u00e9\",\"description\":\"\",\"potentialAction\":[{\"@type\":\"SearchAction\",\"target\":{\"@type\":\"EntryPoint\",\"urlTemplate\":\"https:\\\/\\\/www.psf-securite.fr\\\/en\\\/?s={search_term_string}\"},\"query-input\":{\"@type\":\"PropertyValueSpecification\",\"valueRequired\":true,\"valueName\":\"search_term_string\"}}],\"inLanguage\":\"en-US\"}]}<\/script>\n<!-- \/ Yoast SEO plugin. -->","yoast_head_json":{"title":"Security systems installer - Syst\u00e8mes de S\u00e9curit\u00e9","description":"During installation, we respect precise and orderly specifications to support our client in all stages of his project.","robots":{"index":"index","follow":"follow","max-snippet":"max-snippet:-1","max-image-preview":"max-image-preview:large","max-video-preview":"max-video-preview:-1"},"canonical":"https:\/\/www.psf-securite.fr\/en\/installation\/","og_locale":"en_US","og_type":"article","og_title":"Security systems installer - Syst\u00e8mes de S\u00e9curit\u00e9","og_description":"During installation, we respect precise and orderly specifications to support our client in all stages of his project.","og_url":"https:\/\/www.psf-securite.fr\/en\/installation\/","og_site_name":"Syst\u00e8mes de S\u00e9curit\u00e9","article_modified_time":"2021-02-22T08:40:08+00:00","og_image":[{"width":1600,"height":1067,"url":"https:\/\/www.psf-securite.fr\/wp-content\/uploads\/2016\/06\/psf-securite-installation.jpg","type":"image\/jpeg"}],"twitter_card":"summary_large_image","twitter_misc":{"Est. reading time":"2 minutes"},"schema":{"@context":"https:\/\/schema.org","@graph":[{"@type":"WebPage","@id":"https:\/\/www.psf-securite.fr\/en\/installation\/","url":"https:\/\/www.psf-securite.fr\/en\/installation\/","name":"Security systems installer - Syst\u00e8mes de S\u00e9curit\u00e9","isPartOf":{"@id":"https:\/\/www.psf-securite.fr\/en\/#website"},"primaryImageOfPage":{"@id":"https:\/\/www.psf-securite.fr\/en\/installation\/#primaryimage"},"image":{"@id":"https:\/\/www.psf-securite.fr\/en\/installation\/#primaryimage"},"thumbnailUrl":"https:\/\/www.psf-securite.fr\/wp-content\/uploads\/2023\/05\/PSF-securite-35.jpg","datePublished":"2016-04-26T13:13:29+00:00","dateModified":"2021-02-22T08:40:08+00:00","description":"During installation, we respect precise and orderly specifications to support our client in all stages of his project.","breadcrumb":{"@id":"https:\/\/www.psf-securite.fr\/en\/installation\/#breadcrumb"},"inLanguage":"en-US","potentialAction":[{"@type":"ReadAction","target":["https:\/\/www.psf-securite.fr\/en\/installation\/"]}]},{"@type":"ImageObject","inLanguage":"en-US","@id":"https:\/\/www.psf-securite.fr\/en\/installation\/#primaryimage","url":"https:\/\/www.psf-securite.fr\/wp-content\/uploads\/2023\/05\/PSF-securite-35.jpg","contentUrl":"https:\/\/www.psf-securite.fr\/wp-content\/uploads\/2023\/05\/PSF-securite-35.jpg","width":1330,"height":1330},{"@type":"BreadcrumbList","@id":"https:\/\/www.psf-securite.fr\/en\/installation\/#breadcrumb","itemListElement":[{"@type":"ListItem","position":1,"name":"Accueil","item":"https:\/\/www.psf-securite.fr\/en\/"},{"@type":"ListItem","position":2,"name":"Installation"}]},{"@type":"WebSite","@id":"https:\/\/www.psf-securite.fr\/en\/#website","url":"https:\/\/www.psf-securite.fr\/en\/","name":"Syst\u00e8mes de S\u00e9curit\u00e9","description":"","potentialAction":[{"@type":"SearchAction","target":{"@type":"EntryPoint","urlTemplate":"https:\/\/www.psf-securite.fr\/en\/?s={search_term_string}"},"query-input":{"@type":"PropertyValueSpecification","valueRequired":true,"valueName":"search_term_string"}}],"inLanguage":"en-US"}]}},"_links":{"self":[{"href":"https:\/\/www.psf-securite.fr\/en\/wp-json\/wp\/v2\/pages\/101","targetHints":{"allow":["GET"]}}],"collection":[{"href":"https:\/\/www.psf-securite.fr\/en\/wp-json\/wp\/v2\/pages"}],"about":[{"href":"https:\/\/www.psf-securite.fr\/en\/wp-json\/wp\/v2\/types\/page"}],"author":[{"embeddable":true,"href":"https:\/\/www.psf-securite.fr\/en\/wp-json\/wp\/v2\/users\/1"}],"replies":[{"embeddable":true,"href":"https:\/\/www.psf-securite.fr\/en\/wp-json\/wp\/v2\/comments?post=101"}],"version-history":[{"count":0,"href":"https:\/\/www.psf-securite.fr\/en\/wp-json\/wp\/v2\/pages\/101\/revisions"}],"wp:featuredmedia":[{"embeddable":true,"href":"https:\/\/www.psf-securite.fr\/en\/wp-json\/wp\/v2\/media\/2378"}],"wp:attachment":[{"href":"https:\/\/www.psf-securite.fr\/en\/wp-json\/wp\/v2\/media?parent=101"}],"curies":[{"name":"wp","href":"https:\/\/api.w.org\/{rel}","templated":true}]}}