{"id":105,"date":"2016-04-26T15:09:24","date_gmt":"2016-04-26T13:09:24","guid":{"rendered":"https:\/\/www.psf-securite.fr\/en\/?page_id=105"},"modified":"2021-01-25T15:54:04","modified_gmt":"2021-01-25T14:54:04","slug":"installation-system-videosurveillance","status":"publish","type":"page","link":"https:\/\/www.psf-securite.fr\/en\/installation-system-videosurveillance\/","title":{"rendered":"Video surveillance"},"content":{"rendered":"<h2 id=\"tw-target-text\" class=\"tw-data-text tw-text-large XcVN5d tw-ta\" dir=\"ltr\" data-placeholder=\"Traduction\"><span lang=\"en\">Why install a video surveillance system?<\/span><\/h2>\n<p id=\"tw-target-text\" class=\"tw-data-text tw-text-large XcVN5d tw-ta\" dir=\"ltr\" data-placeholder=\"Traduction\"><span lang=\"en\"><a href=\"https:\/\/www.psf-securite.fr\/en\/installation-system-videosurveillance\/\">Video surveillance<\/a> i<strong>n Nice is essentia<\/strong>l for the safety of citizens whether at home, in business, and even outdoors on public roads. Nice is to this end, <strong>one of the first cities in France<\/strong> to have adopted video surveillance systems to prevent incivility or acts of vandalism.<\/span><\/p>\n<p style=\"text-align: justify;\"><strong>Deterrent against intruders,<\/strong> the camera device can be paired with <strong>anti-intrusion detectors,<\/strong> access control, and many more &#8230;<\/p>\n<p><img fetchpriority=\"high\" decoding=\"async\" class=\"alignleft wp-image-1347 size-medium\" src=\"https:\/\/www.psf-securite.fr\/wp-content\/uploads\/2016\/07\/TPC-SD5600-T-300x300.jpg\" alt=\"vid\u00e9osurveillance Nice \" width=\"300\" height=\"300\" srcset=\"https:\/\/www.psf-securite.fr\/wp-content\/uploads\/2016\/07\/TPC-SD5600-T-300x300.jpg 300w, https:\/\/www.psf-securite.fr\/wp-content\/uploads\/2016\/07\/TPC-SD5600-T-150x150.jpg 150w, https:\/\/www.psf-securite.fr\/wp-content\/uploads\/2016\/07\/TPC-SD5600-T-768x768.jpg 768w, https:\/\/www.psf-securite.fr\/wp-content\/uploads\/2016\/07\/TPC-SD5600-T-1024x1024.jpg 1024w\" sizes=\"(max-width: 300px) 100vw, 300px\" \/><\/p>\n<p id=\"tw-target-text\" class=\"tw-data-text tw-text-large XcVN5d tw-ta\" dir=\"ltr\" data-placeholder=\"Traduction\"><span lang=\"en\">Surveillance cameras are the lifeblood of your environment and are a professional security system <strong>to protect your property from vandalism and theft.<\/strong> PSF Security offers a wide range of security cameras, multi-cameras, <strong>which operate 24 hours a day.<\/strong> We also offer you a solution <strong>to monitor your home or business.<\/strong> Our indoor and outdoor security camera systems allow you to control your home or office surveillance from a central monitoring station via an<strong> included DVR recorder<\/strong>. Our cameras can rotate horizontally and vertically to cover a larger fixed area.<\/span><\/p>\n<p style=\"text-align: justify;\">What are the advantages ?<\/p>\n<ul style=\"text-align: justify;\">\n<li>\n<p id=\"tw-target-text\" class=\"tw-data-text tw-text-large XcVN5d tw-ta\" dir=\"ltr\" data-placeholder=\"Traduction\"><span lang=\"en\">Security: in the event of intrusions, you are warned <\/span><\/p>\n<\/li>\n<li>\n<p id=\"tw-target-text\" class=\"tw-data-text tw-text-large XcVN5d tw-ta\" dir=\"ltr\" data-placeholder=\"Traduction\"><span lang=\"en\">Comfort: <strong>keep eye contact with the home<\/strong> <strong>from your smartphone or computer<\/strong><\/span><\/p>\n<\/li>\n<li>\n<p id=\"tw-target-text\" class=\"tw-data-text tw-text-large XcVN5d tw-ta\" dir=\"ltr\" data-placeholder=\"Traduction\"><span lang=\"en\">Traceability: <strong>review recorded images<\/strong> 24 hours a day <\/span><\/p>\n<\/li>\n<li>\n<p id=\"tw-target-text\" class=\"tw-data-text tw-text-large XcVN5d tw-ta\" dir=\"ltr\" data-placeholder=\"Traduction\"><span lang=\"en\">Access your CCTV cameras <strong>via your smartphone if you wish<\/strong><\/span><\/p>\n<\/li>\n<\/ul>\n<p id=\"tw-target-text\" class=\"tw-data-text tw-text-large XcVN5d tw-ta\" dir=\"ltr\" data-placeholder=\"Traduction\"><span lang=\"en\">Do you want to get a free price request? Nothing&#8217;s easier ! Click on <a href=\"https:\/\/www.psf-securite.fr\/en\/contact\/\">contact<\/a> or call us on <strong>09 83 54 81 39.<\/strong> A PSF security technician will be happy to come and meet you and recommend the perfect security solution according to your environment and circumstances.<\/span><\/p>\n<blockquote>\n<p id=\"tw-target-text\" class=\"tw-data-text tw-text-large XcVN5d tw-ta\" dir=\"ltr\" data-placeholder=\"Traduction\"><span lang=\"en\">Watch what matters most with video surveillance by PSF Security!<\/span><\/p>\n<\/blockquote>\n<h3 id=\"tw-target-text\" class=\"tw-data-text tw-text-large XcVN5d tw-ta\" dir=\"ltr\" data-placeholder=\"Traduction\"><span lang=\"en\">Video surveillance for professionals:<\/span><\/h3>\n<p id=\"tw-target-text\" class=\"tw-data-text tw-text-large XcVN5d tw-ta\" dir=\"ltr\" data-placeholder=\"Traduction\"><span lang=\"en\">As a professional, you can be the target of break-in or damage. No matter what your business, material theft is always harmful. It is essential for you to secure your workplace and your stocks. Whether you are in Nice and its surroundings, we offer <strong>a range of video surveillance equipment to secure your businesses and premises.<\/strong> Dome cameras are particularly recommended to<strong> increase indoor and outdoor surveillance<\/strong> of the premises and thus deter anyone malicious.<\/span><\/p>\n<p id=\"tw-target-text\" class=\"tw-data-text tw-text-large XcVN5d tw-ta\" dir=\"ltr\" data-placeholder=\"Traduction\"><span lang=\"en\">Cameras are also <strong>capable of continuous filming<\/strong> and recording the footage. Infrared technology cameras, for example, provide you with <strong>high-performance surveillance<\/strong> at night. There is nothing better<strong> to protect your job site<\/strong> from burglary or vandalism.<\/span><\/p>\n<h3 style=\"text-align: left;\">Individual protect your home:<\/h3>\n<div class=\"jhH5U\">\n<div id=\"tw-ob\" class=\"tw-src-ltr\">\n<div class=\"oSioSc\">\n<div id=\"tw-target\">\n<div id=\"kAz1tf\" class=\"g9WsWb\">\n<div id=\"tw-target-text-container\" class=\"tw-ta-container hide-focus-ring tw-nfl\" tabindex=\"0\">\n<p id=\"tw-target-text\" class=\"tw-data-text tw-text-large XcVN5d tw-ta\" dir=\"ltr\" data-placeholder=\"Traduction\"><span lang=\"en\">T<strong>he installation of video surveillance<\/strong> is not reserved for professionals. Each year, more and more individuals are equipping themselves with surveillance cameras to secure their homes by keeping an eye on their exteriors, day and night. Why not you ? The installation of a <strong>surveillance system<\/strong> by one of our operators is very simple. As soon as it is installed, your surveillance system assures you peace of mind and peace of mind thanks to its intrusion detection system. The most successful models are able to recognize a Man from an animal and thus spare you false alarms. Other systems are also able to send you a notification on your phone whenever <strong>an intruder is detected<\/strong>. And for even <strong>more efficiency<\/strong>, you can pair your surveillance camera with your alarm system. Whether you are an individual or a professional, there is a multitude of video surveillance solutions to meet your needs. We advise you for all your installation projects of your video surveillance system in Nice and its surroundings.<\/span><\/p>\n<\/div>\n<div class=\"iYB33c\">\n<div class=\"dlJLJe\">\n<div data-cviv=\"false\" data-ved=\"2ahUKEwjQ_5nGuKXuAhWIyIUKHSmEBLEQz_AEMAB6BAgBEA8\">\n<div class=\"U9URNb\"><img decoding=\"async\" id=\"dimg_9\" class=\"rISBZc M4dUYb\" src=\"data:image\/png;base64,iVBORw0KGgoAAAANSUhEUgAAABQAAAAUCAQAAAAngNWGAAAA\/0lEQVR4AYXNMSiEcRyA4cfmGHQbCZIipkuxnJgMStlMNmeyD2dwmc8+sZgxYJd9ErIZFHUyYYD7fkr6l4\/rnvmtl7+KitrqV\/fq2Y5eLY3Z9S48eRLe7BmVZ9qhTLhQ0algzZWQOVKSsCF8OjAnwbxDTWFDUhPK\/jMr1H6HE\/IqRky2DyvCefuwItwZzodVoYRiLqMkVCXrwpJ9twZ+sgfDYEFYl8wIWxZ9uFf7zkallxlJh4YrLGsKjZRx7VGHhLqwgFUN45DGdb8MeXGpgB4ABZdeDcpZEY51A+hyLKz4S1W4MQWm3AibWtgWmk6dyISa1pSdyWTOlLXVp0+eL9D\/ZPfBTNanAAAAAElFTkSuQmCC\" alt=\"Ic\u00f4ne de validation par la communaut\u00e9\" width=\"16\" height=\"16\" data-atf=\"0\" \/><\/div>\n<\/div>\n<\/div>\n<\/div>\n<\/div>\n<\/div>\n<\/div>\n<\/div>\n<div class=\"dURPtb\"><\/div>\n<div>\n<div><\/div>\n<\/div>\n<\/div>\n","protected":false},"excerpt":{"rendered":"<p>Why install a video surveillance system?<br \/>\nVideo surveillance in Nice is essential for the safety of citizens whether at home, in business, and even outdoors on public roads. Nice is to this end, one of the [&#8230;]<\/p>\n","protected":false},"author":1,"featured_media":970,"parent":0,"menu_order":0,"comment_status":"closed","ping_status":"closed","template":"","meta":{"_acf_changed":false,"footnotes":""},"class_list":["post-105","page","type-page","status-publish","has-post-thumbnail","hentry"],"acf":[],"yoast_head":"<!-- This site is optimized with the Yoast SEO plugin v27.6 - https:\/\/yoast.com\/product\/yoast-seo-wordpress\/ -->\n<title>video surveillance in Nice, installation and maintenance - PSF Security<\/title>\n<meta name=\"description\" content=\"Video surveillance is essential for the safety of citizens whether at home, in business, and even outdoors on public roads.\" \/>\n<meta name=\"robots\" content=\"index, follow, max-snippet:-1, max-image-preview:large, max-video-preview:-1\" \/>\n<link rel=\"canonical\" href=\"https:\/\/www.psf-securite.fr\/en\/installation-system-videosurveillance\/\" \/>\n<meta property=\"og:locale\" content=\"en_US\" \/>\n<meta property=\"og:type\" content=\"article\" \/>\n<meta property=\"og:title\" content=\"video surveillance in Nice, installation and maintenance - PSF Security\" \/>\n<meta property=\"og:description\" content=\"Video surveillance is essential for the safety of citizens whether at home, in business, and even outdoors on public roads.\" \/>\n<meta property=\"og:url\" content=\"https:\/\/www.psf-securite.fr\/en\/installation-system-videosurveillance\/\" \/>\n<meta property=\"og:site_name\" content=\"Syst\u00e8mes de S\u00e9curit\u00e9\" \/>\n<meta property=\"article:modified_time\" content=\"2021-01-25T14:54:04+00:00\" \/>\n<meta property=\"og:image\" content=\"https:\/\/www.psf-securite.fr\/wp-content\/uploads\/2016\/06\/psf-securite-videosurveillance.jpg\" \/>\n\t<meta property=\"og:image:width\" content=\"1600\" \/>\n\t<meta property=\"og:image:height\" content=\"1060\" \/>\n\t<meta property=\"og:image:type\" content=\"image\/jpeg\" \/>\n<meta name=\"twitter:card\" content=\"summary_large_image\" \/>\n<meta name=\"twitter:label1\" content=\"Est. reading time\" \/>\n\t<meta name=\"twitter:data1\" content=\"3 minutes\" \/>\n<script type=\"application\/ld+json\" class=\"yoast-schema-graph\">{\"@context\":\"https:\\\/\\\/schema.org\",\"@graph\":[{\"@type\":\"WebPage\",\"@id\":\"https:\\\/\\\/www.psf-securite.fr\\\/en\\\/installation-system-videosurveillance\\\/\",\"url\":\"https:\\\/\\\/www.psf-securite.fr\\\/en\\\/installation-system-videosurveillance\\\/\",\"name\":\"video surveillance in Nice, installation and maintenance - PSF Security\",\"isPartOf\":{\"@id\":\"https:\\\/\\\/www.psf-securite.fr\\\/en\\\/#website\"},\"primaryImageOfPage\":{\"@id\":\"https:\\\/\\\/www.psf-securite.fr\\\/en\\\/installation-system-videosurveillance\\\/#primaryimage\"},\"image\":{\"@id\":\"https:\\\/\\\/www.psf-securite.fr\\\/en\\\/installation-system-videosurveillance\\\/#primaryimage\"},\"thumbnailUrl\":\"https:\\\/\\\/www.psf-securite.fr\\\/wp-content\\\/uploads\\\/2016\\\/06\\\/psf-securite-videosurveillance.jpg\",\"datePublished\":\"2016-04-26T13:09:24+00:00\",\"dateModified\":\"2021-01-25T14:54:04+00:00\",\"description\":\"Video surveillance is essential for the safety of citizens whether at home, in business, and even outdoors on public roads.\",\"breadcrumb\":{\"@id\":\"https:\\\/\\\/www.psf-securite.fr\\\/en\\\/installation-system-videosurveillance\\\/#breadcrumb\"},\"inLanguage\":\"en-US\",\"potentialAction\":[{\"@type\":\"ReadAction\",\"target\":[\"https:\\\/\\\/www.psf-securite.fr\\\/en\\\/installation-system-videosurveillance\\\/\"]}]},{\"@type\":\"ImageObject\",\"inLanguage\":\"en-US\",\"@id\":\"https:\\\/\\\/www.psf-securite.fr\\\/en\\\/installation-system-videosurveillance\\\/#primaryimage\",\"url\":\"https:\\\/\\\/www.psf-securite.fr\\\/wp-content\\\/uploads\\\/2016\\\/06\\\/psf-securite-videosurveillance.jpg\",\"contentUrl\":\"https:\\\/\\\/www.psf-securite.fr\\\/wp-content\\\/uploads\\\/2016\\\/06\\\/psf-securite-videosurveillance.jpg\",\"width\":1600,\"height\":1060,\"caption\":\"Security camera detects the movement of traffic. Skyscraper rooftop.\"},{\"@type\":\"BreadcrumbList\",\"@id\":\"https:\\\/\\\/www.psf-securite.fr\\\/en\\\/installation-system-videosurveillance\\\/#breadcrumb\",\"itemListElement\":[{\"@type\":\"ListItem\",\"position\":1,\"name\":\"Accueil\",\"item\":\"https:\\\/\\\/www.psf-securite.fr\\\/en\\\/\"},{\"@type\":\"ListItem\",\"position\":2,\"name\":\"Video surveillance\"}]},{\"@type\":\"WebSite\",\"@id\":\"https:\\\/\\\/www.psf-securite.fr\\\/en\\\/#website\",\"url\":\"https:\\\/\\\/www.psf-securite.fr\\\/en\\\/\",\"name\":\"Syst\u00e8mes de S\u00e9curit\u00e9\",\"description\":\"\",\"potentialAction\":[{\"@type\":\"SearchAction\",\"target\":{\"@type\":\"EntryPoint\",\"urlTemplate\":\"https:\\\/\\\/www.psf-securite.fr\\\/en\\\/?s={search_term_string}\"},\"query-input\":{\"@type\":\"PropertyValueSpecification\",\"valueRequired\":true,\"valueName\":\"search_term_string\"}}],\"inLanguage\":\"en-US\"}]}<\/script>\n<!-- \/ Yoast SEO plugin. -->","yoast_head_json":{"title":"video surveillance in Nice, installation and maintenance - PSF Security","description":"Video surveillance is essential for the safety of citizens whether at home, in business, and even outdoors on public roads.","robots":{"index":"index","follow":"follow","max-snippet":"max-snippet:-1","max-image-preview":"max-image-preview:large","max-video-preview":"max-video-preview:-1"},"canonical":"https:\/\/www.psf-securite.fr\/en\/installation-system-videosurveillance\/","og_locale":"en_US","og_type":"article","og_title":"video surveillance in Nice, installation and maintenance - PSF Security","og_description":"Video surveillance is essential for the safety of citizens whether at home, in business, and even outdoors on public roads.","og_url":"https:\/\/www.psf-securite.fr\/en\/installation-system-videosurveillance\/","og_site_name":"Syst\u00e8mes de S\u00e9curit\u00e9","article_modified_time":"2021-01-25T14:54:04+00:00","og_image":[{"width":1600,"height":1060,"url":"https:\/\/www.psf-securite.fr\/wp-content\/uploads\/2016\/06\/psf-securite-videosurveillance.jpg","type":"image\/jpeg"}],"twitter_card":"summary_large_image","twitter_misc":{"Est. reading time":"3 minutes"},"schema":{"@context":"https:\/\/schema.org","@graph":[{"@type":"WebPage","@id":"https:\/\/www.psf-securite.fr\/en\/installation-system-videosurveillance\/","url":"https:\/\/www.psf-securite.fr\/en\/installation-system-videosurveillance\/","name":"video surveillance in Nice, installation and maintenance - PSF Security","isPartOf":{"@id":"https:\/\/www.psf-securite.fr\/en\/#website"},"primaryImageOfPage":{"@id":"https:\/\/www.psf-securite.fr\/en\/installation-system-videosurveillance\/#primaryimage"},"image":{"@id":"https:\/\/www.psf-securite.fr\/en\/installation-system-videosurveillance\/#primaryimage"},"thumbnailUrl":"https:\/\/www.psf-securite.fr\/wp-content\/uploads\/2016\/06\/psf-securite-videosurveillance.jpg","datePublished":"2016-04-26T13:09:24+00:00","dateModified":"2021-01-25T14:54:04+00:00","description":"Video surveillance is essential for the safety of citizens whether at home, in business, and even outdoors on public roads.","breadcrumb":{"@id":"https:\/\/www.psf-securite.fr\/en\/installation-system-videosurveillance\/#breadcrumb"},"inLanguage":"en-US","potentialAction":[{"@type":"ReadAction","target":["https:\/\/www.psf-securite.fr\/en\/installation-system-videosurveillance\/"]}]},{"@type":"ImageObject","inLanguage":"en-US","@id":"https:\/\/www.psf-securite.fr\/en\/installation-system-videosurveillance\/#primaryimage","url":"https:\/\/www.psf-securite.fr\/wp-content\/uploads\/2016\/06\/psf-securite-videosurveillance.jpg","contentUrl":"https:\/\/www.psf-securite.fr\/wp-content\/uploads\/2016\/06\/psf-securite-videosurveillance.jpg","width":1600,"height":1060,"caption":"Security camera detects the movement of traffic. Skyscraper rooftop."},{"@type":"BreadcrumbList","@id":"https:\/\/www.psf-securite.fr\/en\/installation-system-videosurveillance\/#breadcrumb","itemListElement":[{"@type":"ListItem","position":1,"name":"Accueil","item":"https:\/\/www.psf-securite.fr\/en\/"},{"@type":"ListItem","position":2,"name":"Video surveillance"}]},{"@type":"WebSite","@id":"https:\/\/www.psf-securite.fr\/en\/#website","url":"https:\/\/www.psf-securite.fr\/en\/","name":"Syst\u00e8mes de S\u00e9curit\u00e9","description":"","potentialAction":[{"@type":"SearchAction","target":{"@type":"EntryPoint","urlTemplate":"https:\/\/www.psf-securite.fr\/en\/?s={search_term_string}"},"query-input":{"@type":"PropertyValueSpecification","valueRequired":true,"valueName":"search_term_string"}}],"inLanguage":"en-US"}]}},"_links":{"self":[{"href":"https:\/\/www.psf-securite.fr\/en\/wp-json\/wp\/v2\/pages\/105","targetHints":{"allow":["GET"]}}],"collection":[{"href":"https:\/\/www.psf-securite.fr\/en\/wp-json\/wp\/v2\/pages"}],"about":[{"href":"https:\/\/www.psf-securite.fr\/en\/wp-json\/wp\/v2\/types\/page"}],"author":[{"embeddable":true,"href":"https:\/\/www.psf-securite.fr\/en\/wp-json\/wp\/v2\/users\/1"}],"replies":[{"embeddable":true,"href":"https:\/\/www.psf-securite.fr\/en\/wp-json\/wp\/v2\/comments?post=105"}],"version-history":[{"count":0,"href":"https:\/\/www.psf-securite.fr\/en\/wp-json\/wp\/v2\/pages\/105\/revisions"}],"wp:featuredmedia":[{"embeddable":true,"href":"https:\/\/www.psf-securite.fr\/en\/wp-json\/wp\/v2\/media\/970"}],"wp:attachment":[{"href":"https:\/\/www.psf-securite.fr\/en\/wp-json\/wp\/v2\/media?parent=105"}],"curies":[{"name":"wp","href":"https:\/\/api.w.org\/{rel}","templated":true}]}}