{"id":109,"date":"2016-04-26T15:10:53","date_gmt":"2016-04-26T13:10:53","guid":{"rendered":"https:\/\/www.psf-securite.fr\/en\/?page_id=109"},"modified":"2023-05-24T15:44:54","modified_gmt":"2023-05-24T13:44:54","slug":"particulier","status":"publish","type":"page","link":"https:\/\/www.psf-securite.fr\/en\/installation-system-videosurveillance\/particulier\/","title":{"rendered":"Particular"},"content":{"rendered":"<h3 style=\"text-align: justify;\">Did you know that only 8% of French households are equipped with video surveillance?<\/h3>\n<p style=\"text-align: justify;\">A deterrent against intruders,<strong> video surveillance is essential for the security of a home.<\/strong> A professionally installed home security system can provide you<strong> with round-the-clock protection<\/strong> and peace of mind. PSF S\u00e9curit\u00e9 offers home security and video surveillance systems <strong>for the inhabitants of Nice<\/strong> that protect you against the dangers of theft. We have products and services to make you feel safe when you are home and when you are not!<\/p>\n<p id=\"tw-target-text\" class=\"tw-data-text tw-text-large XcVN5d tw-ta\" dir=\"ltr\" data-placeholder=\"Traduction\"><span lang=\"en\">When the camera is connected to a recorder, it can be accessed remotely from your smartphone, tablet or desktop computer. This allows you to check on your home security cameras or personal monitor at work wherever you are. Many of our security systems can also be configured to be <strong>motion activated,<\/strong> image recording is triggered when unusual activity is detected. We also have a range of outdoor and indoor cameras with<strong> wifi technology.<\/strong><\/span><\/p>\n<p style=\"text-align: justify;\"><span id=\"p193\">Security system standards can be easily extended by adding additional motion detectors, door or window switches.<\/span><\/p>\n<h3 style=\"text-align: justify;\">What are the advantages ?<\/h3>\n<ul style=\"text-align: justify;\">\n<li>\n<p id=\"tw-target-text\" class=\"tw-data-text tw-text-large XcVN5d tw-ta\" dir=\"ltr\" data-placeholder=\"Traduction\"><span lang=\"en\">Security: in the event of intrusions, <strong>you are warned <\/strong><\/span><\/p>\n<\/li>\n<li>\n<p id=\"tw-target-text\" class=\"tw-data-text tw-text-large XcVN5d tw-ta\" dir=\"ltr\" data-placeholder=\"Traduction\"><span lang=\"en\">Comfort: <strong>keep eye contact with the home<\/strong> from your smartphone or computer <\/span><\/p>\n<\/li>\n<li>\n<p id=\"tw-target-text\" class=\"tw-data-text tw-text-large XcVN5d tw-ta\" dir=\"ltr\" data-placeholder=\"Traduction\"><span lang=\"en\">Traceability: review <strong>recorded images 24 hours a day<\/strong><\/span><\/p>\n<\/li>\n<\/ul>\n<p style=\"text-align: justify;\">Because no home or residence is the same in Nice, PSF S\u00e9curit\u00e9 has developed tailor-made video surveillance equipment adapted to the configuration of your project:<br \/>\n<span id=\"p206\"><\/span><\/p>\n<ul style=\"text-align: justify;\">\n<li>\n<p id=\"tw-target-text\" class=\"tw-data-text tw-text-large XcVN5d tw-ta\" dir=\"ltr\" data-placeholder=\"Traduction\"><span lang=\"en\">360 \u00b0 dome <\/span><\/p>\n<\/li>\n<li>\n<p id=\"tw-target-text\" class=\"tw-data-text tw-text-large XcVN5d tw-ta\" dir=\"ltr\" data-placeholder=\"Traduction\"><span lang=\"en\">Remote steerable system by joystick <\/span><\/p>\n<\/li>\n<li>\n<p id=\"tw-target-text\" class=\"tw-data-text tw-text-large XcVN5d tw-ta\" dir=\"ltr\" data-placeholder=\"Traduction\"><span lang=\"en\">Wifi camera, fixed or airship<\/span><\/p>\n<\/li>\n<\/ul>\n<blockquote>\n<p style=\"text-align: justify;\"><span id=\"p209\">Rather than entrusting the security of your home to your neighbor, call on PSF S\u00e9curit\u00e9!<\/span><\/p>\n<\/blockquote>\n","protected":false},"excerpt":{"rendered":"<p>Did you know that only 8% of French households are equipped with video surveillance?<br \/>\nA deterrent against intruders, video surveillance is essential for the security of a home. A professionally installed home security system can provide [&#8230;]<\/p>\n","protected":false},"author":1,"featured_media":2400,"parent":105,"menu_order":0,"comment_status":"closed","ping_status":"closed","template":"tpl-home.php","meta":{"_acf_changed":false,"footnotes":""},"class_list":["post-109","page","type-page","status-publish","has-post-thumbnail","hentry"],"acf":[],"yoast_head":"<!-- This site is optimized with the Yoast SEO plugin v27.3 - https:\/\/yoast.com\/product\/yoast-seo-wordpress\/ -->\n<title>Video surveillance installer for individuals - Syst\u00e8mes de S\u00e9curit\u00e9<\/title>\n<meta name=\"description\" content=\"Only 8% of French households are equipped with video surveillance! Deterrent against intruders, video surveillance is essential to protect\" \/>\n<meta name=\"robots\" content=\"index, follow, max-snippet:-1, max-image-preview:large, max-video-preview:-1\" \/>\n<link rel=\"canonical\" href=\"https:\/\/www.psf-securite.fr\/en\/installation-system-videosurveillance\/particulier\/\" \/>\n<meta property=\"og:locale\" content=\"en_US\" \/>\n<meta property=\"og:type\" content=\"article\" \/>\n<meta property=\"og:title\" content=\"Video surveillance installer for individuals - Syst\u00e8mes de S\u00e9curit\u00e9\" \/>\n<meta property=\"og:description\" content=\"Only 8% of French households are equipped with video surveillance! Deterrent against intruders, video surveillance is essential to protect\" \/>\n<meta property=\"og:url\" content=\"https:\/\/www.psf-securite.fr\/en\/installation-system-videosurveillance\/particulier\/\" \/>\n<meta property=\"og:site_name\" content=\"Syst\u00e8mes de S\u00e9curit\u00e9\" \/>\n<meta property=\"article:modified_time\" content=\"2023-05-24T13:44:54+00:00\" \/>\n<meta property=\"og:image\" content=\"https:\/\/www.psf-securite.fr\/wp-content\/uploads\/2023\/05\/PSF-securite-86.jpg\" \/>\n\t<meta property=\"og:image:width\" content=\"1895\" \/>\n\t<meta property=\"og:image:height\" content=\"1264\" \/>\n\t<meta property=\"og:image:type\" content=\"image\/jpeg\" \/>\n<meta name=\"twitter:card\" content=\"summary_large_image\" \/>\n<meta name=\"twitter:label1\" content=\"Est. reading time\" \/>\n\t<meta name=\"twitter:data1\" content=\"2 minutes\" \/>\n<script type=\"application\/ld+json\" class=\"yoast-schema-graph\">{\"@context\":\"https:\\\/\\\/schema.org\",\"@graph\":[{\"@type\":\"WebPage\",\"@id\":\"https:\\\/\\\/www.psf-securite.fr\\\/en\\\/installation-system-videosurveillance\\\/particulier\\\/\",\"url\":\"https:\\\/\\\/www.psf-securite.fr\\\/en\\\/installation-system-videosurveillance\\\/particulier\\\/\",\"name\":\"Video surveillance installer for individuals - Syst\u00e8mes de S\u00e9curit\u00e9\",\"isPartOf\":{\"@id\":\"https:\\\/\\\/www.psf-securite.fr\\\/en\\\/#website\"},\"primaryImageOfPage\":{\"@id\":\"https:\\\/\\\/www.psf-securite.fr\\\/en\\\/installation-system-videosurveillance\\\/particulier\\\/#primaryimage\"},\"image\":{\"@id\":\"https:\\\/\\\/www.psf-securite.fr\\\/en\\\/installation-system-videosurveillance\\\/particulier\\\/#primaryimage\"},\"thumbnailUrl\":\"https:\\\/\\\/www.psf-securite.fr\\\/wp-content\\\/uploads\\\/2023\\\/05\\\/PSF-securite-86.jpg\",\"datePublished\":\"2016-04-26T13:10:53+00:00\",\"dateModified\":\"2023-05-24T13:44:54+00:00\",\"description\":\"Only 8% of French households are equipped with video surveillance! Deterrent against intruders, video surveillance is essential to protect\",\"breadcrumb\":{\"@id\":\"https:\\\/\\\/www.psf-securite.fr\\\/en\\\/installation-system-videosurveillance\\\/particulier\\\/#breadcrumb\"},\"inLanguage\":\"en-US\",\"potentialAction\":[{\"@type\":\"ReadAction\",\"target\":[\"https:\\\/\\\/www.psf-securite.fr\\\/en\\\/installation-system-videosurveillance\\\/particulier\\\/\"]}]},{\"@type\":\"ImageObject\",\"inLanguage\":\"en-US\",\"@id\":\"https:\\\/\\\/www.psf-securite.fr\\\/en\\\/installation-system-videosurveillance\\\/particulier\\\/#primaryimage\",\"url\":\"https:\\\/\\\/www.psf-securite.fr\\\/wp-content\\\/uploads\\\/2023\\\/05\\\/PSF-securite-86.jpg\",\"contentUrl\":\"https:\\\/\\\/www.psf-securite.fr\\\/wp-content\\\/uploads\\\/2023\\\/05\\\/PSF-securite-86.jpg\",\"width\":1895,\"height\":1264},{\"@type\":\"BreadcrumbList\",\"@id\":\"https:\\\/\\\/www.psf-securite.fr\\\/en\\\/installation-system-videosurveillance\\\/particulier\\\/#breadcrumb\",\"itemListElement\":[{\"@type\":\"ListItem\",\"position\":1,\"name\":\"Accueil\",\"item\":\"https:\\\/\\\/www.psf-securite.fr\\\/en\\\/\"},{\"@type\":\"ListItem\",\"position\":2,\"name\":\"Video surveillance\",\"item\":\"https:\\\/\\\/www.psf-securite.fr\\\/en\\\/installation-system-videosurveillance\\\/\"},{\"@type\":\"ListItem\",\"position\":3,\"name\":\"Particular\"}]},{\"@type\":\"WebSite\",\"@id\":\"https:\\\/\\\/www.psf-securite.fr\\\/en\\\/#website\",\"url\":\"https:\\\/\\\/www.psf-securite.fr\\\/en\\\/\",\"name\":\"Syst\u00e8mes de S\u00e9curit\u00e9\",\"description\":\"\",\"potentialAction\":[{\"@type\":\"SearchAction\",\"target\":{\"@type\":\"EntryPoint\",\"urlTemplate\":\"https:\\\/\\\/www.psf-securite.fr\\\/en\\\/?s={search_term_string}\"},\"query-input\":{\"@type\":\"PropertyValueSpecification\",\"valueRequired\":true,\"valueName\":\"search_term_string\"}}],\"inLanguage\":\"en-US\"}]}<\/script>\n<!-- \/ Yoast SEO plugin. -->","yoast_head_json":{"title":"Video surveillance installer for individuals - Syst\u00e8mes de S\u00e9curit\u00e9","description":"Only 8% of French households are equipped with video surveillance! Deterrent against intruders, video surveillance is essential to protect","robots":{"index":"index","follow":"follow","max-snippet":"max-snippet:-1","max-image-preview":"max-image-preview:large","max-video-preview":"max-video-preview:-1"},"canonical":"https:\/\/www.psf-securite.fr\/en\/installation-system-videosurveillance\/particulier\/","og_locale":"en_US","og_type":"article","og_title":"Video surveillance installer for individuals - Syst\u00e8mes de S\u00e9curit\u00e9","og_description":"Only 8% of French households are equipped with video surveillance! Deterrent against intruders, video surveillance is essential to protect","og_url":"https:\/\/www.psf-securite.fr\/en\/installation-system-videosurveillance\/particulier\/","og_site_name":"Syst\u00e8mes de S\u00e9curit\u00e9","article_modified_time":"2023-05-24T13:44:54+00:00","og_image":[{"width":1895,"height":1264,"url":"https:\/\/www.psf-securite.fr\/wp-content\/uploads\/2023\/05\/PSF-securite-86.jpg","type":"image\/jpeg"}],"twitter_card":"summary_large_image","twitter_misc":{"Est. reading time":"2 minutes"},"schema":{"@context":"https:\/\/schema.org","@graph":[{"@type":"WebPage","@id":"https:\/\/www.psf-securite.fr\/en\/installation-system-videosurveillance\/particulier\/","url":"https:\/\/www.psf-securite.fr\/en\/installation-system-videosurveillance\/particulier\/","name":"Video surveillance installer for individuals - Syst\u00e8mes de S\u00e9curit\u00e9","isPartOf":{"@id":"https:\/\/www.psf-securite.fr\/en\/#website"},"primaryImageOfPage":{"@id":"https:\/\/www.psf-securite.fr\/en\/installation-system-videosurveillance\/particulier\/#primaryimage"},"image":{"@id":"https:\/\/www.psf-securite.fr\/en\/installation-system-videosurveillance\/particulier\/#primaryimage"},"thumbnailUrl":"https:\/\/www.psf-securite.fr\/wp-content\/uploads\/2023\/05\/PSF-securite-86.jpg","datePublished":"2016-04-26T13:10:53+00:00","dateModified":"2023-05-24T13:44:54+00:00","description":"Only 8% of French households are equipped with video surveillance! Deterrent against intruders, video surveillance is essential to protect","breadcrumb":{"@id":"https:\/\/www.psf-securite.fr\/en\/installation-system-videosurveillance\/particulier\/#breadcrumb"},"inLanguage":"en-US","potentialAction":[{"@type":"ReadAction","target":["https:\/\/www.psf-securite.fr\/en\/installation-system-videosurveillance\/particulier\/"]}]},{"@type":"ImageObject","inLanguage":"en-US","@id":"https:\/\/www.psf-securite.fr\/en\/installation-system-videosurveillance\/particulier\/#primaryimage","url":"https:\/\/www.psf-securite.fr\/wp-content\/uploads\/2023\/05\/PSF-securite-86.jpg","contentUrl":"https:\/\/www.psf-securite.fr\/wp-content\/uploads\/2023\/05\/PSF-securite-86.jpg","width":1895,"height":1264},{"@type":"BreadcrumbList","@id":"https:\/\/www.psf-securite.fr\/en\/installation-system-videosurveillance\/particulier\/#breadcrumb","itemListElement":[{"@type":"ListItem","position":1,"name":"Accueil","item":"https:\/\/www.psf-securite.fr\/en\/"},{"@type":"ListItem","position":2,"name":"Video surveillance","item":"https:\/\/www.psf-securite.fr\/en\/installation-system-videosurveillance\/"},{"@type":"ListItem","position":3,"name":"Particular"}]},{"@type":"WebSite","@id":"https:\/\/www.psf-securite.fr\/en\/#website","url":"https:\/\/www.psf-securite.fr\/en\/","name":"Syst\u00e8mes de S\u00e9curit\u00e9","description":"","potentialAction":[{"@type":"SearchAction","target":{"@type":"EntryPoint","urlTemplate":"https:\/\/www.psf-securite.fr\/en\/?s={search_term_string}"},"query-input":{"@type":"PropertyValueSpecification","valueRequired":true,"valueName":"search_term_string"}}],"inLanguage":"en-US"}]}},"_links":{"self":[{"href":"https:\/\/www.psf-securite.fr\/en\/wp-json\/wp\/v2\/pages\/109","targetHints":{"allow":["GET"]}}],"collection":[{"href":"https:\/\/www.psf-securite.fr\/en\/wp-json\/wp\/v2\/pages"}],"about":[{"href":"https:\/\/www.psf-securite.fr\/en\/wp-json\/wp\/v2\/types\/page"}],"author":[{"embeddable":true,"href":"https:\/\/www.psf-securite.fr\/en\/wp-json\/wp\/v2\/users\/1"}],"replies":[{"embeddable":true,"href":"https:\/\/www.psf-securite.fr\/en\/wp-json\/wp\/v2\/comments?post=109"}],"version-history":[{"count":0,"href":"https:\/\/www.psf-securite.fr\/en\/wp-json\/wp\/v2\/pages\/109\/revisions"}],"up":[{"embeddable":true,"href":"https:\/\/www.psf-securite.fr\/en\/wp-json\/wp\/v2\/pages\/105"}],"wp:featuredmedia":[{"embeddable":true,"href":"https:\/\/www.psf-securite.fr\/en\/wp-json\/wp\/v2\/media\/2400"}],"wp:attachment":[{"href":"https:\/\/www.psf-securite.fr\/en\/wp-json\/wp\/v2\/media?parent=109"}],"curies":[{"name":"wp","href":"https:\/\/api.w.org\/{rel}","templated":true}]}}