{"id":1544,"date":"2016-06-30T10:03:29","date_gmt":"2016-06-30T08:03:29","guid":{"rendered":"https:\/\/www.psf-securite.fr\/a-propos\/"},"modified":"2021-01-18T13:01:38","modified_gmt":"2021-01-18T12:01:38","slug":"about-us","status":"publish","type":"page","link":"https:\/\/www.psf-securite.fr\/en\/about-us\/","title":{"rendered":"About us"},"content":{"rendered":"<h2>Who are we ?<\/h2>\n<p>&nbsp;<\/p>\n<p style=\"text-align: justify;\">Specialist in Nice in anti-intrusion, fire and video surveillance alarm systems, the company PSF S\u00e9curit\u00e9 operates throughout the Alpes-Maritimes department (06).<\/p>\n<p style=\"text-align: justify;\">Mr. Hornig and his team are particularly attached to customer satisfaction and offer you a tailor-made service to meet your exact expectations. Whatever your activity or your project, PSF S\u00e9curit\u00e9 selects partners and distributors based on the quality of the equipment and the certifications.<\/p>\n<p style=\"text-align: justify;\">PSF S\u00e9curit\u00e9 is a company owned and operated locally in the Alpes-Maritimes, providing the best home and professional security services in Nice and the surrounding regions<\/p>\n<p style=\"text-align: justify;\">PSF S\u00e9curit\u00e9 recognizes that customer engagement is a rule and not an exception<\/p>\n<p style=\"text-align: justify;\">\n","protected":false},"excerpt":{"rendered":"<p>Who are we ?<br \/>\n&nbsp;<br \/>\nSpecialist in Nice in anti-intrusion, fire and video surveillance alarm systems, the company PSF S\u00e9curit\u00e9 operates throughout the Alpes-Maritimes department (06).<br \/>\nMr. Hornig and his team are particularly attached to customer satisfaction and [&#8230;]<\/p>\n","protected":false},"author":1,"featured_media":2375,"parent":0,"menu_order":0,"comment_status":"closed","ping_status":"closed","template":"","meta":{"_acf_changed":false,"footnotes":""},"class_list":["post-1544","page","type-page","status-publish","has-post-thumbnail","hentry"],"acf":[],"yoast_head":"<!-- This site is optimized with the Yoast SEO plugin v27.6 - https:\/\/yoast.com\/product\/yoast-seo-wordpress\/ -->\n<title>About us - Syst\u00e8mes de S\u00e9curit\u00e9<\/title>\n<meta name=\"robots\" content=\"index, follow, max-snippet:-1, max-image-preview:large, max-video-preview:-1\" \/>\n<link rel=\"canonical\" href=\"https:\/\/www.psf-securite.fr\/en\/about-us\/\" \/>\n<meta property=\"og:locale\" content=\"en_US\" \/>\n<meta property=\"og:type\" content=\"article\" \/>\n<meta property=\"og:title\" content=\"About us - Syst\u00e8mes de S\u00e9curit\u00e9\" \/>\n<meta property=\"og:description\" content=\"Who are we ? &nbsp; Specialist in Nice in anti-intrusion, fire and video surveillance alarm systems, the company PSF S\u00e9curit\u00e9 operates throughout the Alpes-Maritimes department (06). Mr. Hornig and his team are particularly attached to customer satisfaction and [...]\" \/>\n<meta property=\"og:url\" content=\"https:\/\/www.psf-securite.fr\/en\/about-us\/\" \/>\n<meta property=\"og:site_name\" content=\"Syst\u00e8mes de S\u00e9curit\u00e9\" \/>\n<meta property=\"article:modified_time\" content=\"2021-01-18T12:01:38+00:00\" \/>\n<meta property=\"og:image\" content=\"https:\/\/www.psf-securite.fr\/wp-content\/uploads\/2016\/06\/nouveau-logo.jpg\" \/>\n\t<meta property=\"og:image:width\" content=\"1200\" \/>\n\t<meta property=\"og:image:height\" content=\"783\" \/>\n\t<meta property=\"og:image:type\" content=\"image\/jpeg\" \/>\n<meta name=\"twitter:card\" content=\"summary_large_image\" \/>\n<meta name=\"twitter:label1\" content=\"Est. reading time\" \/>\n\t<meta name=\"twitter:data1\" content=\"1 minute\" \/>\n<script type=\"application\/ld+json\" class=\"yoast-schema-graph\">{\"@context\":\"https:\\\/\\\/schema.org\",\"@graph\":[{\"@type\":\"WebPage\",\"@id\":\"https:\\\/\\\/www.psf-securite.fr\\\/en\\\/about-us\\\/\",\"url\":\"https:\\\/\\\/www.psf-securite.fr\\\/en\\\/about-us\\\/\",\"name\":\"About us - Syst\u00e8mes de S\u00e9curit\u00e9\",\"isPartOf\":{\"@id\":\"https:\\\/\\\/www.psf-securite.fr\\\/en\\\/#website\"},\"primaryImageOfPage\":{\"@id\":\"https:\\\/\\\/www.psf-securite.fr\\\/en\\\/about-us\\\/#primaryimage\"},\"image\":{\"@id\":\"https:\\\/\\\/www.psf-securite.fr\\\/en\\\/about-us\\\/#primaryimage\"},\"thumbnailUrl\":\"https:\\\/\\\/www.psf-securite.fr\\\/wp-content\\\/uploads\\\/2023\\\/05\\\/PSF-securite-98.jpg\",\"datePublished\":\"2016-06-30T08:03:29+00:00\",\"dateModified\":\"2021-01-18T12:01:38+00:00\",\"breadcrumb\":{\"@id\":\"https:\\\/\\\/www.psf-securite.fr\\\/en\\\/about-us\\\/#breadcrumb\"},\"inLanguage\":\"en-US\",\"potentialAction\":[{\"@type\":\"ReadAction\",\"target\":[\"https:\\\/\\\/www.psf-securite.fr\\\/en\\\/about-us\\\/\"]}]},{\"@type\":\"ImageObject\",\"inLanguage\":\"en-US\",\"@id\":\"https:\\\/\\\/www.psf-securite.fr\\\/en\\\/about-us\\\/#primaryimage\",\"url\":\"https:\\\/\\\/www.psf-securite.fr\\\/wp-content\\\/uploads\\\/2023\\\/05\\\/PSF-securite-98.jpg\",\"contentUrl\":\"https:\\\/\\\/www.psf-securite.fr\\\/wp-content\\\/uploads\\\/2023\\\/05\\\/PSF-securite-98.jpg\",\"width\":1200,\"height\":1200},{\"@type\":\"BreadcrumbList\",\"@id\":\"https:\\\/\\\/www.psf-securite.fr\\\/en\\\/about-us\\\/#breadcrumb\",\"itemListElement\":[{\"@type\":\"ListItem\",\"position\":1,\"name\":\"Accueil\",\"item\":\"https:\\\/\\\/www.psf-securite.fr\\\/en\\\/\"},{\"@type\":\"ListItem\",\"position\":2,\"name\":\"About us\"}]},{\"@type\":\"WebSite\",\"@id\":\"https:\\\/\\\/www.psf-securite.fr\\\/en\\\/#website\",\"url\":\"https:\\\/\\\/www.psf-securite.fr\\\/en\\\/\",\"name\":\"Syst\u00e8mes de S\u00e9curit\u00e9\",\"description\":\"\",\"potentialAction\":[{\"@type\":\"SearchAction\",\"target\":{\"@type\":\"EntryPoint\",\"urlTemplate\":\"https:\\\/\\\/www.psf-securite.fr\\\/en\\\/?s={search_term_string}\"},\"query-input\":{\"@type\":\"PropertyValueSpecification\",\"valueRequired\":true,\"valueName\":\"search_term_string\"}}],\"inLanguage\":\"en-US\"}]}<\/script>\n<!-- \/ Yoast SEO plugin. -->","yoast_head_json":{"title":"About us - Syst\u00e8mes de S\u00e9curit\u00e9","robots":{"index":"index","follow":"follow","max-snippet":"max-snippet:-1","max-image-preview":"max-image-preview:large","max-video-preview":"max-video-preview:-1"},"canonical":"https:\/\/www.psf-securite.fr\/en\/about-us\/","og_locale":"en_US","og_type":"article","og_title":"About us - Syst\u00e8mes de S\u00e9curit\u00e9","og_description":"Who are we ? &nbsp; Specialist in Nice in anti-intrusion, fire and video surveillance alarm systems, the company PSF S\u00e9curit\u00e9 operates throughout the Alpes-Maritimes department (06). Mr. Hornig and his team are particularly attached to customer satisfaction and [...]","og_url":"https:\/\/www.psf-securite.fr\/en\/about-us\/","og_site_name":"Syst\u00e8mes de S\u00e9curit\u00e9","article_modified_time":"2021-01-18T12:01:38+00:00","og_image":[{"width":1200,"height":783,"url":"https:\/\/www.psf-securite.fr\/wp-content\/uploads\/2016\/06\/nouveau-logo.jpg","type":"image\/jpeg"}],"twitter_card":"summary_large_image","twitter_misc":{"Est. reading time":"1 minute"},"schema":{"@context":"https:\/\/schema.org","@graph":[{"@type":"WebPage","@id":"https:\/\/www.psf-securite.fr\/en\/about-us\/","url":"https:\/\/www.psf-securite.fr\/en\/about-us\/","name":"About us - Syst\u00e8mes de S\u00e9curit\u00e9","isPartOf":{"@id":"https:\/\/www.psf-securite.fr\/en\/#website"},"primaryImageOfPage":{"@id":"https:\/\/www.psf-securite.fr\/en\/about-us\/#primaryimage"},"image":{"@id":"https:\/\/www.psf-securite.fr\/en\/about-us\/#primaryimage"},"thumbnailUrl":"https:\/\/www.psf-securite.fr\/wp-content\/uploads\/2023\/05\/PSF-securite-98.jpg","datePublished":"2016-06-30T08:03:29+00:00","dateModified":"2021-01-18T12:01:38+00:00","breadcrumb":{"@id":"https:\/\/www.psf-securite.fr\/en\/about-us\/#breadcrumb"},"inLanguage":"en-US","potentialAction":[{"@type":"ReadAction","target":["https:\/\/www.psf-securite.fr\/en\/about-us\/"]}]},{"@type":"ImageObject","inLanguage":"en-US","@id":"https:\/\/www.psf-securite.fr\/en\/about-us\/#primaryimage","url":"https:\/\/www.psf-securite.fr\/wp-content\/uploads\/2023\/05\/PSF-securite-98.jpg","contentUrl":"https:\/\/www.psf-securite.fr\/wp-content\/uploads\/2023\/05\/PSF-securite-98.jpg","width":1200,"height":1200},{"@type":"BreadcrumbList","@id":"https:\/\/www.psf-securite.fr\/en\/about-us\/#breadcrumb","itemListElement":[{"@type":"ListItem","position":1,"name":"Accueil","item":"https:\/\/www.psf-securite.fr\/en\/"},{"@type":"ListItem","position":2,"name":"About us"}]},{"@type":"WebSite","@id":"https:\/\/www.psf-securite.fr\/en\/#website","url":"https:\/\/www.psf-securite.fr\/en\/","name":"Syst\u00e8mes de S\u00e9curit\u00e9","description":"","potentialAction":[{"@type":"SearchAction","target":{"@type":"EntryPoint","urlTemplate":"https:\/\/www.psf-securite.fr\/en\/?s={search_term_string}"},"query-input":{"@type":"PropertyValueSpecification","valueRequired":true,"valueName":"search_term_string"}}],"inLanguage":"en-US"}]}},"_links":{"self":[{"href":"https:\/\/www.psf-securite.fr\/en\/wp-json\/wp\/v2\/pages\/1544","targetHints":{"allow":["GET"]}}],"collection":[{"href":"https:\/\/www.psf-securite.fr\/en\/wp-json\/wp\/v2\/pages"}],"about":[{"href":"https:\/\/www.psf-securite.fr\/en\/wp-json\/wp\/v2\/types\/page"}],"author":[{"embeddable":true,"href":"https:\/\/www.psf-securite.fr\/en\/wp-json\/wp\/v2\/users\/1"}],"replies":[{"embeddable":true,"href":"https:\/\/www.psf-securite.fr\/en\/wp-json\/wp\/v2\/comments?post=1544"}],"version-history":[{"count":0,"href":"https:\/\/www.psf-securite.fr\/en\/wp-json\/wp\/v2\/pages\/1544\/revisions"}],"wp:featuredmedia":[{"embeddable":true,"href":"https:\/\/www.psf-securite.fr\/en\/wp-json\/wp\/v2\/media\/2375"}],"wp:attachment":[{"href":"https:\/\/www.psf-securite.fr\/en\/wp-json\/wp\/v2\/media?parent=1544"}],"curies":[{"name":"wp","href":"https:\/\/api.w.org\/{rel}","templated":true}]}}