{"id":1719,"date":"2018-11-21T09:43:46","date_gmt":"2018-11-21T08:43:46","guid":{"rendered":"https:\/\/www.psf-securite.fr\/politique-de-confidentialite\/"},"modified":"2021-01-24T23:13:19","modified_gmt":"2021-01-24T22:13:19","slug":"privacy-policy","status":"publish","type":"page","link":"https:\/\/www.psf-securite.fr\/en\/privacy-policy\/","title":{"rendered":"privacy policy"},"content":{"rendered":"<h2>Who are we ?<\/h2>\n<p>Our website address is: https:\/\/www.psf-securite.fr.<\/p>\n<h2>Use of personal data collected<\/h2>\n<h3>Comments<\/h3>\n<p>When you leave a comment on our website, the data entered in the comment form, as well as your IP address and the user agent of your browser are collected to help us detect unwanted comments.<\/p>\n<p>An anonymized channel created from your email address (also known as a hash) can be sent to the Gravatar service to check if you are using it. The Gravatar service confidentiality clauses are available here: https:\/\/automattic.com\/privacy\/. After validation of your comment, your profile picture will be publicly visible next to your comment.<\/p>\n<h3>Media<\/h3>\n<p>If you are a registered user and upload images to the website, we recommend that you avoid uploading images containing EXIF \u200b\u200bGPS coordinate data. Visitors to your website can download and extract location data from these images.<\/p>\n<h3>Contact Forms<\/h3>\n<h3>Cookies<\/h3>\n<p>If you leave a comment on our site, you will be offered to save your name, email address and website in cookies. This is only for your convenience so that you do not have to enter this information if you post another comment later. These cookies expire after one year.<\/p>\n<p>If you have an account and you log into this site, a temporary cookie will be created to determine whether your browser accepts cookies. It does not contain any personal data and will be deleted automatically when you close your browser.<\/p>\n<p>When you log in, we will set up a number of cookies to save your login information and screen preferences. The lifespan of a login cookie is two days, that of a screen option cookie is one year. If you check &#8220;Remember me&#8221;, your connection cookie will be kept for two weeks. If you log out of your account, the login cookie will be deleted.<\/p>\n<p>By modifying or publishing a post, an additional cookie will be saved in your browser. This cookie does not include any personal data. It just shows the ID of the post you just edited. It expires after a day.<\/p>\n<h3>Content embedded from other sites<\/h3>\n<p>Articles on this site may include embedded content (eg videos, images, articles, etc.). Content embedded from other sites behaves the same as if the visitor were to that other site.<\/p>\n<p>These websites could collect data about you, use cookies, embed third-party tracking tools, track your interactions with these embedded content if you have a connected account on their website.<\/p>\n<h3>Statistics and audience measurements<\/h3>\n<h2>Use and transmission of your personal data<\/h2>\n<h2>How long is your data stored<\/h2>\n<p>If you leave a comment, the comment and its metadata are retained indefinitely. This allows subsequent comments to be recognized and approved automatically instead of leaving them in the moderation queue.<\/p>\n<p>For users who register on our site (if possible), we also store the personal data indicated in their profile. All users can view, edit, or delete their personal information at any time (except their username ice). Site managers can also view and edit this information.<\/p>\n<h2>The rights you have over your data<\/h2>\n<p>If you have an account or if you have left comments on the site, you can request to receive a file containing all the personal data that we hold about you, including those that you have provided to us. You can also request the deletion of personal data concerning you. This does not take into account data stored for administrative, legal or security reasons.<\/p>\n<h2>Transmission of your personal data<\/h2>\n<h3>Visitor comments can be verified using an automated spam detection service.<\/h3>\n<h4>Contact information<br \/>\nAdditional Information<br \/>\nHow we protect your data<br \/>\nProcedures implemented in the event of a data breach<br \/>\nThird-party services that send us data<br \/>\nAutomated marketing and \/ or profiling operations carried out using personal data<br \/>\nDisplay of information related to sectors subject to specific regulations<\/h4>\n","protected":false},"excerpt":{"rendered":"<p>Who are we ?<br \/>\nOur website address is: https:\/\/www.psf-securite.fr.<br \/>\nUse of personal data collected<br \/>\nComments<br \/>\nWhen you leave a comment on our website, the data entered in the comment form, as well as your IP address and the user [&#8230;]<\/p>\n","protected":false},"author":1,"featured_media":0,"parent":0,"menu_order":0,"comment_status":"closed","ping_status":"closed","template":"","meta":{"_acf_changed":false,"footnotes":""},"class_list":["post-1719","page","type-page","status-publish","hentry"],"acf":[],"yoast_head":"<!-- This site is optimized with the Yoast SEO plugin v27.4 - https:\/\/yoast.com\/product\/yoast-seo-wordpress\/ -->\n<title>privacy policy - Syst\u00e8mes de S\u00e9curit\u00e9<\/title>\n<meta name=\"robots\" content=\"index, follow, max-snippet:-1, max-image-preview:large, max-video-preview:-1\" \/>\n<link rel=\"canonical\" href=\"https:\/\/www.psf-securite.fr\/en\/privacy-policy\/\" \/>\n<meta property=\"og:locale\" content=\"en_US\" \/>\n<meta property=\"og:type\" content=\"article\" \/>\n<meta property=\"og:title\" content=\"privacy policy - Syst\u00e8mes de S\u00e9curit\u00e9\" \/>\n<meta property=\"og:description\" content=\"Who are we ? Our website address is: https:\/\/www.psf-securite.fr. Use of personal data collected Comments When you leave a comment on our website, the data entered in the comment form, as well as your IP address and the user [...]\" \/>\n<meta property=\"og:url\" content=\"https:\/\/www.psf-securite.fr\/en\/privacy-policy\/\" \/>\n<meta property=\"og:site_name\" content=\"Syst\u00e8mes de S\u00e9curit\u00e9\" \/>\n<meta property=\"article:modified_time\" content=\"2021-01-24T22:13:19+00:00\" \/>\n<meta name=\"twitter:card\" content=\"summary_large_image\" \/>\n<meta name=\"twitter:label1\" content=\"Est. reading time\" \/>\n\t<meta name=\"twitter:data1\" content=\"3 minutes\" \/>\n<script type=\"application\/ld+json\" class=\"yoast-schema-graph\">{\"@context\":\"https:\\\/\\\/schema.org\",\"@graph\":[{\"@type\":\"WebPage\",\"@id\":\"https:\\\/\\\/www.psf-securite.fr\\\/en\\\/privacy-policy\\\/\",\"url\":\"https:\\\/\\\/www.psf-securite.fr\\\/en\\\/privacy-policy\\\/\",\"name\":\"privacy policy - Syst\u00e8mes de S\u00e9curit\u00e9\",\"isPartOf\":{\"@id\":\"https:\\\/\\\/www.psf-securite.fr\\\/en\\\/#website\"},\"datePublished\":\"2018-11-21T08:43:46+00:00\",\"dateModified\":\"2021-01-24T22:13:19+00:00\",\"breadcrumb\":{\"@id\":\"https:\\\/\\\/www.psf-securite.fr\\\/en\\\/privacy-policy\\\/#breadcrumb\"},\"inLanguage\":\"en-US\",\"potentialAction\":[{\"@type\":\"ReadAction\",\"target\":[\"https:\\\/\\\/www.psf-securite.fr\\\/en\\\/privacy-policy\\\/\"]}]},{\"@type\":\"BreadcrumbList\",\"@id\":\"https:\\\/\\\/www.psf-securite.fr\\\/en\\\/privacy-policy\\\/#breadcrumb\",\"itemListElement\":[{\"@type\":\"ListItem\",\"position\":1,\"name\":\"Accueil\",\"item\":\"https:\\\/\\\/www.psf-securite.fr\\\/en\\\/\"},{\"@type\":\"ListItem\",\"position\":2,\"name\":\"privacy policy\"}]},{\"@type\":\"WebSite\",\"@id\":\"https:\\\/\\\/www.psf-securite.fr\\\/en\\\/#website\",\"url\":\"https:\\\/\\\/www.psf-securite.fr\\\/en\\\/\",\"name\":\"Syst\u00e8mes de S\u00e9curit\u00e9\",\"description\":\"\",\"potentialAction\":[{\"@type\":\"SearchAction\",\"target\":{\"@type\":\"EntryPoint\",\"urlTemplate\":\"https:\\\/\\\/www.psf-securite.fr\\\/en\\\/?s={search_term_string}\"},\"query-input\":{\"@type\":\"PropertyValueSpecification\",\"valueRequired\":true,\"valueName\":\"search_term_string\"}}],\"inLanguage\":\"en-US\"}]}<\/script>\n<!-- \/ Yoast SEO plugin. -->","yoast_head_json":{"title":"privacy policy - Syst\u00e8mes de S\u00e9curit\u00e9","robots":{"index":"index","follow":"follow","max-snippet":"max-snippet:-1","max-image-preview":"max-image-preview:large","max-video-preview":"max-video-preview:-1"},"canonical":"https:\/\/www.psf-securite.fr\/en\/privacy-policy\/","og_locale":"en_US","og_type":"article","og_title":"privacy policy - Syst\u00e8mes de S\u00e9curit\u00e9","og_description":"Who are we ? Our website address is: https:\/\/www.psf-securite.fr. Use of personal data collected Comments When you leave a comment on our website, the data entered in the comment form, as well as your IP address and the user [...]","og_url":"https:\/\/www.psf-securite.fr\/en\/privacy-policy\/","og_site_name":"Syst\u00e8mes de S\u00e9curit\u00e9","article_modified_time":"2021-01-24T22:13:19+00:00","twitter_card":"summary_large_image","twitter_misc":{"Est. reading time":"3 minutes"},"schema":{"@context":"https:\/\/schema.org","@graph":[{"@type":"WebPage","@id":"https:\/\/www.psf-securite.fr\/en\/privacy-policy\/","url":"https:\/\/www.psf-securite.fr\/en\/privacy-policy\/","name":"privacy policy - Syst\u00e8mes de S\u00e9curit\u00e9","isPartOf":{"@id":"https:\/\/www.psf-securite.fr\/en\/#website"},"datePublished":"2018-11-21T08:43:46+00:00","dateModified":"2021-01-24T22:13:19+00:00","breadcrumb":{"@id":"https:\/\/www.psf-securite.fr\/en\/privacy-policy\/#breadcrumb"},"inLanguage":"en-US","potentialAction":[{"@type":"ReadAction","target":["https:\/\/www.psf-securite.fr\/en\/privacy-policy\/"]}]},{"@type":"BreadcrumbList","@id":"https:\/\/www.psf-securite.fr\/en\/privacy-policy\/#breadcrumb","itemListElement":[{"@type":"ListItem","position":1,"name":"Accueil","item":"https:\/\/www.psf-securite.fr\/en\/"},{"@type":"ListItem","position":2,"name":"privacy policy"}]},{"@type":"WebSite","@id":"https:\/\/www.psf-securite.fr\/en\/#website","url":"https:\/\/www.psf-securite.fr\/en\/","name":"Syst\u00e8mes de S\u00e9curit\u00e9","description":"","potentialAction":[{"@type":"SearchAction","target":{"@type":"EntryPoint","urlTemplate":"https:\/\/www.psf-securite.fr\/en\/?s={search_term_string}"},"query-input":{"@type":"PropertyValueSpecification","valueRequired":true,"valueName":"search_term_string"}}],"inLanguage":"en-US"}]}},"_links":{"self":[{"href":"https:\/\/www.psf-securite.fr\/en\/wp-json\/wp\/v2\/pages\/1719","targetHints":{"allow":["GET"]}}],"collection":[{"href":"https:\/\/www.psf-securite.fr\/en\/wp-json\/wp\/v2\/pages"}],"about":[{"href":"https:\/\/www.psf-securite.fr\/en\/wp-json\/wp\/v2\/types\/page"}],"author":[{"embeddable":true,"href":"https:\/\/www.psf-securite.fr\/en\/wp-json\/wp\/v2\/users\/1"}],"replies":[{"embeddable":true,"href":"https:\/\/www.psf-securite.fr\/en\/wp-json\/wp\/v2\/comments?post=1719"}],"version-history":[{"count":0,"href":"https:\/\/www.psf-securite.fr\/en\/wp-json\/wp\/v2\/pages\/1719\/revisions"}],"wp:attachment":[{"href":"https:\/\/www.psf-securite.fr\/en\/wp-json\/wp\/v2\/media?parent=1719"}],"curies":[{"name":"wp","href":"https:\/\/api.w.org\/{rel}","templated":true}]}}