{"id":1794,"date":"2020-04-07T17:47:44","date_gmt":"2020-04-07T15:47:44","guid":{"rendered":"https:\/\/www.psf-securite.fr\/installation-videosurveillance-antibes\/"},"modified":"2021-01-25T14:02:56","modified_gmt":"2021-01-25T13:02:56","slug":"antibes-video-surveillance-installation","status":"publish","type":"page","link":"https:\/\/www.psf-securite.fr\/en\/antibes-video-surveillance-installation\/","title":{"rendered":"Antibes video surveillance installation"},"content":{"rendered":"<p style=\"text-align: justify;\">Do you want to install a <strong>video surveillance<\/strong> system in Antibes to protect your home or your workplace from a possible burglary? We are video surveillance professionals in Antibes and its surroundings and are at your disposal to offer you products and services guaranteeing you optimal security.<\/p>\n<h2>Video surveillance for individuals: making the right choice<\/h2>\n<p style=\"text-align: justify;\">The range of <strong>video surveillance systems<\/strong> has grown amply in recent years and adapts to all budgets. From now on, the installation of video surveillance is developing in private homes for various purposes: protection of your property, safety of people and your home, detection of intruders, etc. With PSF Security your <strong>video protection<\/strong>, includes the installation of indoor or outdoor surveillance cameras, statistics or airship, according to your wishes, the goal being to detect a possible <strong>intrusion<\/strong>. Some models combining maximum security and high technicality, are paired <strong>with a 24-hour recording device<\/strong> and thus allow viewing of the images afterwards. Digital communication can be done via your cell phone, tablet or computer. These digital media not only allow you to view images but can also allow you to remotely control <strong>security cameras<\/strong> located inside and \/ or outside your home. In order to make the surveillance system more efficient, we add motion detectors and switches on the doors and windows. So, if there is any movement detection, it will automatically send an alert to the smartphone.<\/p>\n<p><img fetchpriority=\"high\" decoding=\"async\" class=\"size-medium wp-image-1391 alignleft\" src=\"https:\/\/www.psf-securite.fr\/wp-content\/uploads\/2017\/05\/pictophoto-cam-300x300.png\" alt=\"vid\u00e9osurveillance Antibes\" width=\"300\" height=\"300\" srcset=\"https:\/\/www.psf-securite.fr\/wp-content\/uploads\/2017\/05\/pictophoto-cam-300x300.png 300w, https:\/\/www.psf-securite.fr\/wp-content\/uploads\/2017\/05\/pictophoto-cam-150x150.png 150w, https:\/\/www.psf-securite.fr\/wp-content\/uploads\/2017\/05\/pictophoto-cam.png 513w\" sizes=\"(max-width: 300px) 100vw, 300px\" \/><\/p>\n<h3>Professionals: a monitoring system adapted to your needs<\/h3>\n<p style=\"text-align: justify;\">Do you want to <strong>install a surveillance system<\/strong> for your company in order to strengthen the security of your employees, your equipment and your professional buildings? Video surveillance has the advantages of monitoring and filming continuously or on the move thanks to <strong>high definition or even ultra high definition (4K) cameras.<\/strong><\/p>\n<p style=\"text-align: justify;\">State-of-the-art technology brings fine grain to recorded images and high resolution for deep zooming. In order to identify the equipment appropriate to the needs of your business, our <strong>video protection<\/strong> experts at <strong>PSF S\u00e9curit\u00e9<\/strong> will perform a security audit of your professional warehouses to recommend the optimal solution.<\/p>\n<h3>Construction sites: video surveillance for optimal protection<\/h3>\n<p style=\"text-align: justify;\"><strong>Video surveillance<\/strong> is a very good way to increase the safety of your site and avoid intrusions for depredations while ensuring good safety for your staff. It can be installed in addition to a security service or even replace it with the <strong>installation of cameras<\/strong> that can monitor it as a whole. High-definition wireless infrared or thermal cameras, with variable range, provide night vision and film in monochrome as soon as they detect movement.<\/p>\n<p style=\"text-align: justify;\">Depending on the model chosen, you can connect to your <strong>surveillance cameras remotely in real time<\/strong> or have access to delayed recordings. Another significant advantage of installing a video surveillance system is that you can lower your insurance contributions. In Antibes or its surroundings, whether you are an <strong>individual<\/strong> or a <strong>professional<\/strong>, do not hesitate to contact us to establish together the video surveillance project you need!<\/p>\n","protected":false},"excerpt":{"rendered":"<p>Do you want to install a video surveillance system in Antibes to protect your home or your workplace from a possible burglary? We are video surveillance professionals in Antibes and its surroundings and are at [&#8230;]<\/p>\n","protected":false},"author":4,"featured_media":970,"parent":0,"menu_order":0,"comment_status":"closed","ping_status":"closed","template":"tpl-home.php","meta":{"_acf_changed":false,"footnotes":""},"class_list":["post-1794","page","type-page","status-publish","has-post-thumbnail","hentry"],"acf":[],"yoast_head":"<!-- This site is optimized with the Yoast SEO plugin v27.5 - https:\/\/yoast.com\/product\/yoast-seo-wordpress\/ -->\n<title>Video surveillance in Antibes, installation and maintenance - PSF S\u00e9curit\u00e9<\/title>\n<meta name=\"description\" content=\"Video surveillance in Antibes is essential for the safety of citizens at home, in business, and outside on public roads.\" \/>\n<meta name=\"robots\" content=\"index, follow, max-snippet:-1, max-image-preview:large, max-video-preview:-1\" \/>\n<link rel=\"canonical\" href=\"https:\/\/www.psf-securite.fr\/en\/antibes-video-surveillance-installation\/\" \/>\n<meta property=\"og:locale\" content=\"en_US\" \/>\n<meta property=\"og:type\" content=\"article\" \/>\n<meta property=\"og:title\" content=\"Video surveillance in Antibes, installation and maintenance - PSF S\u00e9curit\u00e9\" \/>\n<meta property=\"og:description\" content=\"Video surveillance in Antibes is essential for the safety of citizens at home, in business, and outside on public roads.\" \/>\n<meta property=\"og:url\" content=\"https:\/\/www.psf-securite.fr\/en\/antibes-video-surveillance-installation\/\" \/>\n<meta property=\"og:site_name\" content=\"Syst\u00e8mes de S\u00e9curit\u00e9\" \/>\n<meta property=\"article:modified_time\" content=\"2021-01-25T13:02:56+00:00\" \/>\n<meta property=\"og:image\" content=\"https:\/\/www.psf-securite.fr\/wp-content\/uploads\/2016\/06\/psf-securite-videosurveillance.jpg\" \/>\n\t<meta property=\"og:image:width\" content=\"1600\" \/>\n\t<meta property=\"og:image:height\" content=\"1060\" \/>\n\t<meta property=\"og:image:type\" content=\"image\/jpeg\" \/>\n<meta name=\"twitter:card\" content=\"summary_large_image\" \/>\n<meta name=\"twitter:label1\" content=\"Est. reading time\" \/>\n\t<meta name=\"twitter:data1\" content=\"3 minutes\" \/>\n<script type=\"application\/ld+json\" class=\"yoast-schema-graph\">{\"@context\":\"https:\\\/\\\/schema.org\",\"@graph\":[{\"@type\":\"WebPage\",\"@id\":\"https:\\\/\\\/www.psf-securite.fr\\\/en\\\/antibes-video-surveillance-installation\\\/\",\"url\":\"https:\\\/\\\/www.psf-securite.fr\\\/en\\\/antibes-video-surveillance-installation\\\/\",\"name\":\"Video surveillance in Antibes, installation and maintenance - PSF S\u00e9curit\u00e9\",\"isPartOf\":{\"@id\":\"https:\\\/\\\/www.psf-securite.fr\\\/en\\\/#website\"},\"primaryImageOfPage\":{\"@id\":\"https:\\\/\\\/www.psf-securite.fr\\\/en\\\/antibes-video-surveillance-installation\\\/#primaryimage\"},\"image\":{\"@id\":\"https:\\\/\\\/www.psf-securite.fr\\\/en\\\/antibes-video-surveillance-installation\\\/#primaryimage\"},\"thumbnailUrl\":\"https:\\\/\\\/www.psf-securite.fr\\\/wp-content\\\/uploads\\\/2016\\\/06\\\/psf-securite-videosurveillance.jpg\",\"datePublished\":\"2020-04-07T15:47:44+00:00\",\"dateModified\":\"2021-01-25T13:02:56+00:00\",\"description\":\"Video surveillance in Antibes is essential for the safety of citizens at home, in business, and outside on public roads.\",\"breadcrumb\":{\"@id\":\"https:\\\/\\\/www.psf-securite.fr\\\/en\\\/antibes-video-surveillance-installation\\\/#breadcrumb\"},\"inLanguage\":\"en-US\",\"potentialAction\":[{\"@type\":\"ReadAction\",\"target\":[\"https:\\\/\\\/www.psf-securite.fr\\\/en\\\/antibes-video-surveillance-installation\\\/\"]}]},{\"@type\":\"ImageObject\",\"inLanguage\":\"en-US\",\"@id\":\"https:\\\/\\\/www.psf-securite.fr\\\/en\\\/antibes-video-surveillance-installation\\\/#primaryimage\",\"url\":\"https:\\\/\\\/www.psf-securite.fr\\\/wp-content\\\/uploads\\\/2016\\\/06\\\/psf-securite-videosurveillance.jpg\",\"contentUrl\":\"https:\\\/\\\/www.psf-securite.fr\\\/wp-content\\\/uploads\\\/2016\\\/06\\\/psf-securite-videosurveillance.jpg\",\"width\":1600,\"height\":1060,\"caption\":\"Security camera detects the movement of traffic. Skyscraper rooftop.\"},{\"@type\":\"BreadcrumbList\",\"@id\":\"https:\\\/\\\/www.psf-securite.fr\\\/en\\\/antibes-video-surveillance-installation\\\/#breadcrumb\",\"itemListElement\":[{\"@type\":\"ListItem\",\"position\":1,\"name\":\"Accueil\",\"item\":\"https:\\\/\\\/www.psf-securite.fr\\\/en\\\/\"},{\"@type\":\"ListItem\",\"position\":2,\"name\":\"Antibes video surveillance installation\"}]},{\"@type\":\"WebSite\",\"@id\":\"https:\\\/\\\/www.psf-securite.fr\\\/en\\\/#website\",\"url\":\"https:\\\/\\\/www.psf-securite.fr\\\/en\\\/\",\"name\":\"Syst\u00e8mes de S\u00e9curit\u00e9\",\"description\":\"\",\"potentialAction\":[{\"@type\":\"SearchAction\",\"target\":{\"@type\":\"EntryPoint\",\"urlTemplate\":\"https:\\\/\\\/www.psf-securite.fr\\\/en\\\/?s={search_term_string}\"},\"query-input\":{\"@type\":\"PropertyValueSpecification\",\"valueRequired\":true,\"valueName\":\"search_term_string\"}}],\"inLanguage\":\"en-US\"}]}<\/script>\n<!-- \/ Yoast SEO plugin. -->","yoast_head_json":{"title":"Video surveillance in Antibes, installation and maintenance - PSF S\u00e9curit\u00e9","description":"Video surveillance in Antibes is essential for the safety of citizens at home, in business, and outside on public roads.","robots":{"index":"index","follow":"follow","max-snippet":"max-snippet:-1","max-image-preview":"max-image-preview:large","max-video-preview":"max-video-preview:-1"},"canonical":"https:\/\/www.psf-securite.fr\/en\/antibes-video-surveillance-installation\/","og_locale":"en_US","og_type":"article","og_title":"Video surveillance in Antibes, installation and maintenance - PSF S\u00e9curit\u00e9","og_description":"Video surveillance in Antibes is essential for the safety of citizens at home, in business, and outside on public roads.","og_url":"https:\/\/www.psf-securite.fr\/en\/antibes-video-surveillance-installation\/","og_site_name":"Syst\u00e8mes de S\u00e9curit\u00e9","article_modified_time":"2021-01-25T13:02:56+00:00","og_image":[{"width":1600,"height":1060,"url":"https:\/\/www.psf-securite.fr\/wp-content\/uploads\/2016\/06\/psf-securite-videosurveillance.jpg","type":"image\/jpeg"}],"twitter_card":"summary_large_image","twitter_misc":{"Est. reading time":"3 minutes"},"schema":{"@context":"https:\/\/schema.org","@graph":[{"@type":"WebPage","@id":"https:\/\/www.psf-securite.fr\/en\/antibes-video-surveillance-installation\/","url":"https:\/\/www.psf-securite.fr\/en\/antibes-video-surveillance-installation\/","name":"Video surveillance in Antibes, installation and maintenance - PSF S\u00e9curit\u00e9","isPartOf":{"@id":"https:\/\/www.psf-securite.fr\/en\/#website"},"primaryImageOfPage":{"@id":"https:\/\/www.psf-securite.fr\/en\/antibes-video-surveillance-installation\/#primaryimage"},"image":{"@id":"https:\/\/www.psf-securite.fr\/en\/antibes-video-surveillance-installation\/#primaryimage"},"thumbnailUrl":"https:\/\/www.psf-securite.fr\/wp-content\/uploads\/2016\/06\/psf-securite-videosurveillance.jpg","datePublished":"2020-04-07T15:47:44+00:00","dateModified":"2021-01-25T13:02:56+00:00","description":"Video surveillance in Antibes is essential for the safety of citizens at home, in business, and outside on public roads.","breadcrumb":{"@id":"https:\/\/www.psf-securite.fr\/en\/antibes-video-surveillance-installation\/#breadcrumb"},"inLanguage":"en-US","potentialAction":[{"@type":"ReadAction","target":["https:\/\/www.psf-securite.fr\/en\/antibes-video-surveillance-installation\/"]}]},{"@type":"ImageObject","inLanguage":"en-US","@id":"https:\/\/www.psf-securite.fr\/en\/antibes-video-surveillance-installation\/#primaryimage","url":"https:\/\/www.psf-securite.fr\/wp-content\/uploads\/2016\/06\/psf-securite-videosurveillance.jpg","contentUrl":"https:\/\/www.psf-securite.fr\/wp-content\/uploads\/2016\/06\/psf-securite-videosurveillance.jpg","width":1600,"height":1060,"caption":"Security camera detects the movement of traffic. Skyscraper rooftop."},{"@type":"BreadcrumbList","@id":"https:\/\/www.psf-securite.fr\/en\/antibes-video-surveillance-installation\/#breadcrumb","itemListElement":[{"@type":"ListItem","position":1,"name":"Accueil","item":"https:\/\/www.psf-securite.fr\/en\/"},{"@type":"ListItem","position":2,"name":"Antibes video surveillance installation"}]},{"@type":"WebSite","@id":"https:\/\/www.psf-securite.fr\/en\/#website","url":"https:\/\/www.psf-securite.fr\/en\/","name":"Syst\u00e8mes de S\u00e9curit\u00e9","description":"","potentialAction":[{"@type":"SearchAction","target":{"@type":"EntryPoint","urlTemplate":"https:\/\/www.psf-securite.fr\/en\/?s={search_term_string}"},"query-input":{"@type":"PropertyValueSpecification","valueRequired":true,"valueName":"search_term_string"}}],"inLanguage":"en-US"}]}},"_links":{"self":[{"href":"https:\/\/www.psf-securite.fr\/en\/wp-json\/wp\/v2\/pages\/1794","targetHints":{"allow":["GET"]}}],"collection":[{"href":"https:\/\/www.psf-securite.fr\/en\/wp-json\/wp\/v2\/pages"}],"about":[{"href":"https:\/\/www.psf-securite.fr\/en\/wp-json\/wp\/v2\/types\/page"}],"author":[{"embeddable":true,"href":"https:\/\/www.psf-securite.fr\/en\/wp-json\/wp\/v2\/users\/4"}],"replies":[{"embeddable":true,"href":"https:\/\/www.psf-securite.fr\/en\/wp-json\/wp\/v2\/comments?post=1794"}],"version-history":[{"count":0,"href":"https:\/\/www.psf-securite.fr\/en\/wp-json\/wp\/v2\/pages\/1794\/revisions"}],"wp:featuredmedia":[{"embeddable":true,"href":"https:\/\/www.psf-securite.fr\/en\/wp-json\/wp\/v2\/media\/970"}],"wp:attachment":[{"href":"https:\/\/www.psf-securite.fr\/en\/wp-json\/wp\/v2\/media?parent=1794"}],"curies":[{"name":"wp","href":"https:\/\/api.w.org\/{rel}","templated":true}]}}