{"id":83,"date":"2016-04-26T15:07:07","date_gmt":"2016-04-26T13:07:07","guid":{"rendered":"https:\/\/www.psf-securite.fr\/en\/?page_id=83"},"modified":"2021-02-17T09:49:16","modified_gmt":"2021-02-17T08:49:16","slug":"installation-alarm","status":"publish","type":"page","link":"https:\/\/www.psf-securite.fr\/en\/installation-alarm\/","title":{"rendered":"Alarm"},"content":{"rendered":"<h2 id=\"tw-target-text\" class=\"tw-data-text tw-text-large XcVN5d tw-ta\" dir=\"ltr\" data-placeholder=\"Traduction\"><span lang=\"en\">Take control of the security of your assets, your office and your loved ones!<\/span><\/h2>\n<p id=\"tw-target-text\" class=\"tw-data-text tw-text-large XcVN5d tw-ta\" dir=\"ltr\" data-placeholder=\"Traduction\"><span lang=\"en\">PSF security alarms are adapted to YOUR needs and YOUR lifestyle and offer you a tailor-made service for the Nice alarm installation. Thanks to our wide choice of security devices and sensors, you can set up your own system and always at the best price!<\/span><\/p>\n<p>In <strong>Nice<\/strong> and its surroundings, you must protect yourself against intrusion threats. Do this by equipping yourself <strong>with appropriate alarm systems<\/strong>, suitable for <strong>individuals<\/strong> and <strong>professionals.<\/strong><\/p>\n<p style=\"text-align: justify;\"><strong>For the security of your assets and your staff,<\/strong> PSF S\u00e9curit\u00e9 has selected the most efficient <strong>anti-intrusion<\/strong> protection systems on the market.<\/p>\n<p><img fetchpriority=\"high\" decoding=\"async\" class=\"size-medium wp-image-999 alignleft\" src=\"https:\/\/www.psf-securite.fr\/wp-content\/uploads\/2016\/05\/keypad-300x241.jpg\" alt=\"installation alarme Nice \" width=\"300\" height=\"241\" srcset=\"https:\/\/www.psf-securite.fr\/wp-content\/uploads\/2016\/05\/keypad-300x241.jpg 300w, https:\/\/www.psf-securite.fr\/wp-content\/uploads\/2016\/05\/keypad-768x616.jpg 768w, https:\/\/www.psf-securite.fr\/wp-content\/uploads\/2016\/05\/keypad.jpg 993w\" sizes=\"(max-width: 300px) 100vw, 300px\" \/><\/p>\n<p id=\"tw-target-text\" class=\"tw-data-text tw-text-large XcVN5d tw-ta\" dir=\"ltr\" data-placeholder=\"Traduction\"><strong><span lang=\"en\">Protecting your business requires sophisticated and efficient equipment.<\/span><\/strong><\/p>\n<p style=\"text-align: justify;\">In addition, the power remains in your hands thanks to our software <strong>allowing you to activate and deactivate any alarm from a smartphone.<\/strong> You feel safe wherever you are!<\/p>\n<p id=\"tw-target-text\" class=\"tw-data-text tw-text-large XcVN5d tw-ta\" dir=\"ltr\" data-placeholder=\"Traduction\"><span lang=\"en\">Our team of professionals in Nice <strong>brings you a tailor-made service,<\/strong> adapted to your security expectations and according to your needs.<\/span><\/p>\n<h3 style=\"text-align: justify;\">French Security Protection guarantees (PSF S\u00e9curit\u00e9):<\/h3>\n<ul style=\"text-align: justify;\">\n<li>\n<p id=\"tw-target-text\" class=\"tw-data-text tw-text-large XcVN5d tw-ta\" dir=\"ltr\" data-placeholder=\"Traduction\"><span lang=\"en\">Reliability: all our products are NF and A2P certified<\/span><\/p>\n<\/li>\n<li>\n<p id=\"tw-target-text\" class=\"tw-data-text tw-text-large XcVN5d tw-ta\" dir=\"ltr\" data-placeholder=\"Traduction\"><span lang=\"en\">Simplicity: easy installation over your existing configuration <\/span><\/p>\n<\/li>\n<li>\n<p id=\"tw-target-text\" class=\"tw-data-text tw-text-large XcVN5d tw-ta\" dir=\"ltr\" data-placeholder=\"Traduction\"><span lang=\"en\">Modernity: control your alarm system from your smartphone or computer<\/span><\/p>\n<\/li>\n<\/ul>\n<p style=\"text-align: justify;\">To obtain a free, no-obligation quote for your alarm system, contact <strong>09 83 54 81 39<\/strong> by phone or via our online form.<\/p>\n<blockquote>\n<p id=\"tw-target-text\" class=\"tw-data-text tw-text-large XcVN5d tw-ta\" dir=\"ltr\" data-placeholder=\"Traduction\"><span lang=\"en\">The French Security Protection Team (PSF S\u00e9curit\u00e9) is committed to protecting you!<\/span><\/p>\n<\/blockquote>\n<h3 id=\"tw-target-text\" class=\"tw-data-text tw-text-large XcVN5d tw-ta\" dir=\"ltr\" data-placeholder=\"Traduction\"><span lang=\"en\">Devices designed for individuals<\/span><\/h3>\n<p id=\"tw-target-text\" class=\"tw-data-text tw-text-large XcVN5d tw-ta\" dir=\"ltr\" data-placeholder=\"Traduction\"><span lang=\"en\"><strong>Our motion detector<\/strong> connected to your alarm system, can detect the presence of an intruder and control the comings and goings in your home. It is also possible to couple this device with a surveillance camera which can be equipped with a flash system and can thus operate at night. In addition, <strong>our wireless alarm<\/strong> can alert you through your phone. Some alarm devices can also trigger a fog that will slow the intruder&#8217;s progress and cause them to turn around. An alarm siren and an alert button, in the event of an intrusion, are also part of <strong>the alarm devices<\/strong> suitable for individuals.<\/span><\/p>\n<h3 class=\"tw-data-text tw-text-large XcVN5d tw-ta\" dir=\"ltr\" data-placeholder=\"Traduction\"><span lang=\"en\">Alarm systems for professionals<\/span><\/h3>\n<p id=\"tw-target-text\" class=\"tw-data-text tw-text-large XcVN5d tw-ta\" dir=\"ltr\" data-placeholder=\"Traduction\"><span lang=\"en\">T<strong>o protect your business<\/strong>, you can plan to install an alarm center, tailored to your needs. The control unit receives messages from motion and shock sensors, <strong>surveillance cameras<\/strong> and other devices that detect any suspicious clue. It allows you to control the <strong>anti-intrusion device<\/strong>. In addition, specific devices, which can be installed outside or inside, protect your professional equipment such as your cranes, machines or even your stocks of goods.<\/span><\/p>\n<h3 id=\"tw-target-text\" class=\"tw-data-text tw-text-large XcVN5d tw-ta\" dir=\"ltr\" data-placeholder=\"Traduction\"><span lang=\"en\">Protect your site<\/span><\/h3>\n<p id=\"tw-target-text\" class=\"tw-data-text tw-text-large XcVN5d tw-ta\" dir=\"ltr\" data-placeholder=\"Traduction\"><span lang=\"en\"><strong>Trespassing<\/strong> on <strong>construction sites<\/strong> is frequent, accompanied by numerous attempts at theft and vandalism. To protect your equipment, our alarm installer can install <strong>the appropriate device<\/strong>. It can include an external alarm system, with an integrated surveillance camera. In the event of an intrusion, <strong>this wireless device<\/strong> transmits an alert message to a control panel. Informed, the operator then takes the necessary measures. At the same time, the triggering of a shrill alarm, which is part of the system, prompts the intruder to turn back. Whatever your needs in terms of <strong>protection<\/strong> of your <strong>sites<\/strong>, we will have the solution. Do not hesitate * to contact us by phone on<strong> 09 83 54 81 39<\/strong> or by our contact form.<\/span><\/p>\n<h3 style=\"text-align: left;\">Protect your building<\/h3>\n<p id=\"tw-target-text\" class=\"tw-data-text tw-text-large XcVN5d tw-ta\" dir=\"ltr\" data-placeholder=\"Traduction\"><span lang=\"en\"><strong>Condominiums<\/strong> are not spared either! Burglars are getting smarter. PSF security helps you <strong>secure<\/strong> access to your buildings. PSF S\u00e9curit\u00e9 offers its video surveillance and intrusion alarm services <strong>to condominium managers<\/strong> in Nice and throughout the Alpes Maritimes. The objective of co-ownership video surveillance is to secure <strong>the common areas<\/strong> of a condominium building by installing a surveillance camera system. When the intrusion alarm is triggered, a siren is activated to warn residents and neighbors of the current intrusion. A very practical system for the security of the condominium for example.<\/span><\/p>\n","protected":false},"excerpt":{"rendered":"<p>Take control of the security of your assets, your office and your loved ones!<br \/>\nPSF security alarms are adapted to YOUR needs and YOUR lifestyle and offer you a tailor-made service for the Nice alarm installation. [&#8230;]<\/p>\n","protected":false},"author":1,"featured_media":2404,"parent":0,"menu_order":0,"comment_status":"closed","ping_status":"closed","template":"","meta":{"_acf_changed":false,"footnotes":""},"class_list":["post-83","page","type-page","status-publish","has-post-thumbnail","hentry"],"acf":[],"yoast_head":"<!-- This site is optimized with the Yoast SEO plugin v27.5 - https:\/\/yoast.com\/product\/yoast-seo-wordpress\/ -->\n<title>Nice alarm, installation and maintenance - PSF S\u00e9curit\u00e9<\/title>\n<meta name=\"description\" content=\"Contact PSF S\u00e9curit\u00e9 for the installation of an alarm in Nice. The only alarms that are tailored to your needs and your lifestyle.\" \/>\n<meta name=\"robots\" content=\"index, follow, max-snippet:-1, max-image-preview:large, max-video-preview:-1\" \/>\n<link rel=\"canonical\" href=\"https:\/\/www.psf-securite.fr\/en\/installation-alarm\/\" \/>\n<meta property=\"og:locale\" content=\"en_US\" \/>\n<meta property=\"og:type\" content=\"article\" \/>\n<meta property=\"og:title\" content=\"Nice alarm, installation and maintenance - PSF S\u00e9curit\u00e9\" \/>\n<meta property=\"og:description\" content=\"Contact PSF S\u00e9curit\u00e9 for the installation of an alarm in Nice. The only alarms that are tailored to your needs and your lifestyle.\" \/>\n<meta property=\"og:url\" content=\"https:\/\/www.psf-securite.fr\/en\/installation-alarm\/\" \/>\n<meta property=\"og:site_name\" content=\"Syst\u00e8mes de S\u00e9curit\u00e9\" \/>\n<meta property=\"article:modified_time\" content=\"2021-02-17T08:49:16+00:00\" \/>\n<meta property=\"og:image\" content=\"https:\/\/www.psf-securite.fr\/wp-content\/uploads\/2016\/06\/psf-securite-systeme-alarme.jpg\" \/>\n\t<meta property=\"og:image:width\" content=\"1600\" \/>\n\t<meta property=\"og:image:height\" content=\"921\" \/>\n\t<meta property=\"og:image:type\" content=\"image\/jpeg\" \/>\n<meta name=\"twitter:card\" content=\"summary_large_image\" \/>\n<meta name=\"twitter:label1\" content=\"Est. reading time\" \/>\n\t<meta name=\"twitter:data1\" content=\"3 minutes\" \/>\n<script type=\"application\/ld+json\" class=\"yoast-schema-graph\">{\"@context\":\"https:\\\/\\\/schema.org\",\"@graph\":[{\"@type\":\"WebPage\",\"@id\":\"https:\\\/\\\/www.psf-securite.fr\\\/en\\\/installation-alarm\\\/\",\"url\":\"https:\\\/\\\/www.psf-securite.fr\\\/en\\\/installation-alarm\\\/\",\"name\":\"Nice alarm, installation and maintenance - PSF S\u00e9curit\u00e9\",\"isPartOf\":{\"@id\":\"https:\\\/\\\/www.psf-securite.fr\\\/en\\\/#website\"},\"primaryImageOfPage\":{\"@id\":\"https:\\\/\\\/www.psf-securite.fr\\\/en\\\/installation-alarm\\\/#primaryimage\"},\"image\":{\"@id\":\"https:\\\/\\\/www.psf-securite.fr\\\/en\\\/installation-alarm\\\/#primaryimage\"},\"thumbnailUrl\":\"https:\\\/\\\/www.psf-securite.fr\\\/wp-content\\\/uploads\\\/2023\\\/05\\\/PSF-securite-158.jpg\",\"datePublished\":\"2016-04-26T13:07:07+00:00\",\"dateModified\":\"2021-02-17T08:49:16+00:00\",\"description\":\"Contact PSF S\u00e9curit\u00e9 for the installation of an alarm in Nice. The only alarms that are tailored to your needs and your lifestyle.\",\"breadcrumb\":{\"@id\":\"https:\\\/\\\/www.psf-securite.fr\\\/en\\\/installation-alarm\\\/#breadcrumb\"},\"inLanguage\":\"en-US\",\"potentialAction\":[{\"@type\":\"ReadAction\",\"target\":[\"https:\\\/\\\/www.psf-securite.fr\\\/en\\\/installation-alarm\\\/\"]}]},{\"@type\":\"ImageObject\",\"inLanguage\":\"en-US\",\"@id\":\"https:\\\/\\\/www.psf-securite.fr\\\/en\\\/installation-alarm\\\/#primaryimage\",\"url\":\"https:\\\/\\\/www.psf-securite.fr\\\/wp-content\\\/uploads\\\/2023\\\/05\\\/PSF-securite-158.jpg\",\"contentUrl\":\"https:\\\/\\\/www.psf-securite.fr\\\/wp-content\\\/uploads\\\/2023\\\/05\\\/PSF-securite-158.jpg\",\"width\":1200,\"height\":801,\"caption\":\"installation alarme pour particulier\"},{\"@type\":\"BreadcrumbList\",\"@id\":\"https:\\\/\\\/www.psf-securite.fr\\\/en\\\/installation-alarm\\\/#breadcrumb\",\"itemListElement\":[{\"@type\":\"ListItem\",\"position\":1,\"name\":\"Accueil\",\"item\":\"https:\\\/\\\/www.psf-securite.fr\\\/en\\\/\"},{\"@type\":\"ListItem\",\"position\":2,\"name\":\"Alarm\"}]},{\"@type\":\"WebSite\",\"@id\":\"https:\\\/\\\/www.psf-securite.fr\\\/en\\\/#website\",\"url\":\"https:\\\/\\\/www.psf-securite.fr\\\/en\\\/\",\"name\":\"Syst\u00e8mes de S\u00e9curit\u00e9\",\"description\":\"\",\"potentialAction\":[{\"@type\":\"SearchAction\",\"target\":{\"@type\":\"EntryPoint\",\"urlTemplate\":\"https:\\\/\\\/www.psf-securite.fr\\\/en\\\/?s={search_term_string}\"},\"query-input\":{\"@type\":\"PropertyValueSpecification\",\"valueRequired\":true,\"valueName\":\"search_term_string\"}}],\"inLanguage\":\"en-US\"}]}<\/script>\n<!-- \/ Yoast SEO plugin. -->","yoast_head_json":{"title":"Nice alarm, installation and maintenance - PSF S\u00e9curit\u00e9","description":"Contact PSF S\u00e9curit\u00e9 for the installation of an alarm in Nice. The only alarms that are tailored to your needs and your lifestyle.","robots":{"index":"index","follow":"follow","max-snippet":"max-snippet:-1","max-image-preview":"max-image-preview:large","max-video-preview":"max-video-preview:-1"},"canonical":"https:\/\/www.psf-securite.fr\/en\/installation-alarm\/","og_locale":"en_US","og_type":"article","og_title":"Nice alarm, installation and maintenance - PSF S\u00e9curit\u00e9","og_description":"Contact PSF S\u00e9curit\u00e9 for the installation of an alarm in Nice. The only alarms that are tailored to your needs and your lifestyle.","og_url":"https:\/\/www.psf-securite.fr\/en\/installation-alarm\/","og_site_name":"Syst\u00e8mes de S\u00e9curit\u00e9","article_modified_time":"2021-02-17T08:49:16+00:00","og_image":[{"width":1600,"height":921,"url":"https:\/\/www.psf-securite.fr\/wp-content\/uploads\/2016\/06\/psf-securite-systeme-alarme.jpg","type":"image\/jpeg"}],"twitter_card":"summary_large_image","twitter_misc":{"Est. reading time":"3 minutes"},"schema":{"@context":"https:\/\/schema.org","@graph":[{"@type":"WebPage","@id":"https:\/\/www.psf-securite.fr\/en\/installation-alarm\/","url":"https:\/\/www.psf-securite.fr\/en\/installation-alarm\/","name":"Nice alarm, installation and maintenance - PSF S\u00e9curit\u00e9","isPartOf":{"@id":"https:\/\/www.psf-securite.fr\/en\/#website"},"primaryImageOfPage":{"@id":"https:\/\/www.psf-securite.fr\/en\/installation-alarm\/#primaryimage"},"image":{"@id":"https:\/\/www.psf-securite.fr\/en\/installation-alarm\/#primaryimage"},"thumbnailUrl":"https:\/\/www.psf-securite.fr\/wp-content\/uploads\/2023\/05\/PSF-securite-158.jpg","datePublished":"2016-04-26T13:07:07+00:00","dateModified":"2021-02-17T08:49:16+00:00","description":"Contact PSF S\u00e9curit\u00e9 for the installation of an alarm in Nice. The only alarms that are tailored to your needs and your lifestyle.","breadcrumb":{"@id":"https:\/\/www.psf-securite.fr\/en\/installation-alarm\/#breadcrumb"},"inLanguage":"en-US","potentialAction":[{"@type":"ReadAction","target":["https:\/\/www.psf-securite.fr\/en\/installation-alarm\/"]}]},{"@type":"ImageObject","inLanguage":"en-US","@id":"https:\/\/www.psf-securite.fr\/en\/installation-alarm\/#primaryimage","url":"https:\/\/www.psf-securite.fr\/wp-content\/uploads\/2023\/05\/PSF-securite-158.jpg","contentUrl":"https:\/\/www.psf-securite.fr\/wp-content\/uploads\/2023\/05\/PSF-securite-158.jpg","width":1200,"height":801,"caption":"installation alarme pour particulier"},{"@type":"BreadcrumbList","@id":"https:\/\/www.psf-securite.fr\/en\/installation-alarm\/#breadcrumb","itemListElement":[{"@type":"ListItem","position":1,"name":"Accueil","item":"https:\/\/www.psf-securite.fr\/en\/"},{"@type":"ListItem","position":2,"name":"Alarm"}]},{"@type":"WebSite","@id":"https:\/\/www.psf-securite.fr\/en\/#website","url":"https:\/\/www.psf-securite.fr\/en\/","name":"Syst\u00e8mes de S\u00e9curit\u00e9","description":"","potentialAction":[{"@type":"SearchAction","target":{"@type":"EntryPoint","urlTemplate":"https:\/\/www.psf-securite.fr\/en\/?s={search_term_string}"},"query-input":{"@type":"PropertyValueSpecification","valueRequired":true,"valueName":"search_term_string"}}],"inLanguage":"en-US"}]}},"_links":{"self":[{"href":"https:\/\/www.psf-securite.fr\/en\/wp-json\/wp\/v2\/pages\/83","targetHints":{"allow":["GET"]}}],"collection":[{"href":"https:\/\/www.psf-securite.fr\/en\/wp-json\/wp\/v2\/pages"}],"about":[{"href":"https:\/\/www.psf-securite.fr\/en\/wp-json\/wp\/v2\/types\/page"}],"author":[{"embeddable":true,"href":"https:\/\/www.psf-securite.fr\/en\/wp-json\/wp\/v2\/users\/1"}],"replies":[{"embeddable":true,"href":"https:\/\/www.psf-securite.fr\/en\/wp-json\/wp\/v2\/comments?post=83"}],"version-history":[{"count":0,"href":"https:\/\/www.psf-securite.fr\/en\/wp-json\/wp\/v2\/pages\/83\/revisions"}],"wp:featuredmedia":[{"embeddable":true,"href":"https:\/\/www.psf-securite.fr\/en\/wp-json\/wp\/v2\/media\/2404"}],"wp:attachment":[{"href":"https:\/\/www.psf-securite.fr\/en\/wp-json\/wp\/v2\/media?parent=83"}],"curies":[{"name":"wp","href":"https:\/\/api.w.org\/{rel}","templated":true}]}}