{"id":87,"date":"2016-04-26T15:08:42","date_gmt":"2016-04-26T13:08:42","guid":{"rendered":"https:\/\/www.psf-securite.fr\/en\/?page_id=87"},"modified":"2021-02-17T10:23:53","modified_gmt":"2021-02-17T09:23:53","slug":"particular","status":"publish","type":"page","link":"https:\/\/www.psf-securite.fr\/en\/installation-alarm\/particular\/","title":{"rendered":"Particular"},"content":{"rendered":"<h3 id=\"tw-target-text\" class=\"tw-data-text tw-text-large XcVN5d tw-ta\" dir=\"ltr\" data-placeholder=\"Traduction\"><span lang=\"en\">Why install an anti-intrusion alarm?<\/span><\/h3>\n<p style=\"text-align: justify;\"><span style=\"color: #000000;\">According to the latest INSEE report, <strong>more than 240,000 home burglaries are reported in France each year<\/strong> and, on average, a home burglary in France occurs every 90 seconds.<\/span><\/p>\n<p id=\"tw-target-text\" class=\"tw-data-text tw-text-large XcVN5d tw-ta\" dir=\"ltr\" data-placeholder=\"Traduction\"><span lang=\"en\"><strong>The Alpes-Maritimes department is also one of the most affected<\/strong>. Indeed, the houses often have openings with a garden, bay window, balcony, so many points that facilitate access to housing. With an average of 3 minutes for a burglary, no monitoring agency can guarantee you such a rapid intervention. <strong>So it&#8217;s best to influence your surroundings yourself!<\/strong><\/span><\/p>\n<p id=\"tw-target-text\" class=\"tw-data-text tw-text-large XcVN5d tw-ta\" dir=\"ltr\" data-placeholder=\"Traduction\"><span lang=\"en\">Owners and tenants should consider these probabilities when it comes to protecting their families, roommates, and possessions. According to statistics, the increase in burglaries shows that too few French people are taking the plunge. <strong>Thus, only 8% of French people have installed an alarm system.<\/strong><\/span><\/p>\n<p id=\"tw-target-text\" class=\"tw-data-text tw-text-large XcVN5d tw-ta\" dir=\"ltr\" data-placeholder=\"Traduction\"><span lang=\"en\">With crime rates on the rise, especially in Nice, now is the time to decide to invest in a security system.<\/span><\/p>\n<p id=\"tw-target-text\" class=\"tw-data-text tw-text-large XcVN5d tw-ta\" dir=\"ltr\" data-placeholder=\"Traduction\"><span lang=\"en\">Protection S\u00e9curit\u00e9 Fran\u00e7aise (PSF S\u00e9curit\u00e9) <strong>offers an external and internal security alarm service<\/strong>.<\/span><\/p>\n<p style=\"text-align: justify;\">Our anti-theft and burglary alarm systems are radically different from the conventional alarm systems you may already know.<\/p>\n<p id=\"tw-target-text\" class=\"tw-data-text tw-text-large XcVN5d tw-ta\" dir=\"ltr\" data-placeholder=\"Traduction\"><span lang=\"en\">Indeed, PSF security offers you the possibility of choosing from a wide choice of materials: contactors for openings or broken glass and even motion detectors with video verification technology! When an alert is received in your home from your alarm center, <strong>you can check on your mobile phone or computer<\/strong> what is going on, remove any doubts or alert the authorities if necessary.<\/span><\/p>\n<h2 style=\"text-align: justify;\">What are the advantages ?<\/h2>\n<ul style=\"text-align: justify;\">\n<li style=\"font-weight: 400;\">Protection: <strong>stop the break-in attempts<\/strong> by an intruder<\/li>\n<li style=\"font-weight: 400;\">Certification: the alarms <strong>meet APSAD NF A2P standards<\/strong> (French standard)<\/li>\n<li style=\"font-weight: 400;\">Scalability: the alarms <strong>are flexible and scalable<\/strong> thanks to the addition of a video surveillance camera<\/li>\n<\/ul>\n<p style=\"text-align: justify;\">We install the latest generation alarms, both cost-effective and efficient, so you can benefit from enhanced protection for your property and loved ones!<\/p>\n","protected":false},"excerpt":{"rendered":"<p>Why install an anti-intrusion alarm?<br \/>\nAccording to the latest INSEE report, more than 240,000 home burglaries are reported in France each year and, on average, a home burglary in France occurs every 90 seconds.<br \/>\nThe Alpes-Maritimes department [&#8230;]<\/p>\n","protected":false},"author":1,"featured_media":946,"parent":83,"menu_order":0,"comment_status":"closed","ping_status":"closed","template":"","meta":{"_acf_changed":false,"footnotes":""},"class_list":["post-87","page","type-page","status-publish","has-post-thumbnail","hentry"],"acf":[],"yoast_head":"<!-- This site is optimized with the Yoast SEO plugin v27.3 - https:\/\/yoast.com\/product\/yoast-seo-wordpress\/ -->\n<title>Alarm installer for individuals - Syst\u00e8mes de S\u00e9curit\u00e9<\/title>\n<meta name=\"description\" content=\"The Alpes-Maritimes department is the department most affected by the burglary in France. Make the right decision with PSF security alarms!\" \/>\n<meta name=\"robots\" content=\"index, follow, max-snippet:-1, max-image-preview:large, max-video-preview:-1\" \/>\n<link rel=\"canonical\" href=\"https:\/\/www.psf-securite.fr\/en\/installation-alarm\/particular\/\" \/>\n<meta property=\"og:locale\" content=\"en_US\" \/>\n<meta property=\"og:type\" content=\"article\" \/>\n<meta property=\"og:title\" content=\"Alarm installer for individuals - Syst\u00e8mes de S\u00e9curit\u00e9\" \/>\n<meta property=\"og:description\" content=\"The Alpes-Maritimes department is the department most affected by the burglary in France. Make the right decision with PSF security alarms!\" \/>\n<meta property=\"og:url\" content=\"https:\/\/www.psf-securite.fr\/en\/installation-alarm\/particular\/\" \/>\n<meta property=\"og:site_name\" content=\"Syst\u00e8mes de S\u00e9curit\u00e9\" \/>\n<meta property=\"article:modified_time\" content=\"2021-02-17T09:23:53+00:00\" \/>\n<meta property=\"og:image\" content=\"https:\/\/www.psf-securite.fr\/wp-content\/uploads\/2016\/06\/psf-securite-alarme-particulier.jpg\" \/>\n\t<meta property=\"og:image:width\" content=\"1600\" \/>\n\t<meta property=\"og:image:height\" content=\"1068\" \/>\n\t<meta property=\"og:image:type\" content=\"image\/jpeg\" \/>\n<meta name=\"twitter:card\" content=\"summary_large_image\" \/>\n<meta name=\"twitter:label1\" content=\"Est. reading time\" \/>\n\t<meta name=\"twitter:data1\" content=\"2 minutes\" \/>\n<script type=\"application\/ld+json\" class=\"yoast-schema-graph\">{\"@context\":\"https:\\\/\\\/schema.org\",\"@graph\":[{\"@type\":\"WebPage\",\"@id\":\"https:\\\/\\\/www.psf-securite.fr\\\/en\\\/installation-alarm\\\/particular\\\/\",\"url\":\"https:\\\/\\\/www.psf-securite.fr\\\/en\\\/installation-alarm\\\/particular\\\/\",\"name\":\"Alarm installer for individuals - Syst\u00e8mes de S\u00e9curit\u00e9\",\"isPartOf\":{\"@id\":\"https:\\\/\\\/www.psf-securite.fr\\\/en\\\/#website\"},\"primaryImageOfPage\":{\"@id\":\"https:\\\/\\\/www.psf-securite.fr\\\/en\\\/installation-alarm\\\/particular\\\/#primaryimage\"},\"image\":{\"@id\":\"https:\\\/\\\/www.psf-securite.fr\\\/en\\\/installation-alarm\\\/particular\\\/#primaryimage\"},\"thumbnailUrl\":\"https:\\\/\\\/www.psf-securite.fr\\\/wp-content\\\/uploads\\\/2016\\\/06\\\/psf-securite-alarme-particulier.jpg\",\"datePublished\":\"2016-04-26T13:08:42+00:00\",\"dateModified\":\"2021-02-17T09:23:53+00:00\",\"description\":\"The Alpes-Maritimes department is the department most affected by the burglary in France. Make the right decision with PSF security alarms!\",\"breadcrumb\":{\"@id\":\"https:\\\/\\\/www.psf-securite.fr\\\/en\\\/installation-alarm\\\/particular\\\/#breadcrumb\"},\"inLanguage\":\"en-US\",\"potentialAction\":[{\"@type\":\"ReadAction\",\"target\":[\"https:\\\/\\\/www.psf-securite.fr\\\/en\\\/installation-alarm\\\/particular\\\/\"]}]},{\"@type\":\"ImageObject\",\"inLanguage\":\"en-US\",\"@id\":\"https:\\\/\\\/www.psf-securite.fr\\\/en\\\/installation-alarm\\\/particular\\\/#primaryimage\",\"url\":\"https:\\\/\\\/www.psf-securite.fr\\\/wp-content\\\/uploads\\\/2016\\\/06\\\/psf-securite-alarme-particulier.jpg\",\"contentUrl\":\"https:\\\/\\\/www.psf-securite.fr\\\/wp-content\\\/uploads\\\/2016\\\/06\\\/psf-securite-alarme-particulier.jpg\",\"width\":1600,\"height\":1068,\"caption\":\"Young brunette woman entering code on keypad of home security alarm. Video intercom next to alarm keypad.\"},{\"@type\":\"BreadcrumbList\",\"@id\":\"https:\\\/\\\/www.psf-securite.fr\\\/en\\\/installation-alarm\\\/particular\\\/#breadcrumb\",\"itemListElement\":[{\"@type\":\"ListItem\",\"position\":1,\"name\":\"Accueil\",\"item\":\"https:\\\/\\\/www.psf-securite.fr\\\/en\\\/\"},{\"@type\":\"ListItem\",\"position\":2,\"name\":\"Alarm\",\"item\":\"https:\\\/\\\/www.psf-securite.fr\\\/en\\\/installation-alarm\\\/\"},{\"@type\":\"ListItem\",\"position\":3,\"name\":\"Particular\"}]},{\"@type\":\"WebSite\",\"@id\":\"https:\\\/\\\/www.psf-securite.fr\\\/en\\\/#website\",\"url\":\"https:\\\/\\\/www.psf-securite.fr\\\/en\\\/\",\"name\":\"Syst\u00e8mes de S\u00e9curit\u00e9\",\"description\":\"\",\"potentialAction\":[{\"@type\":\"SearchAction\",\"target\":{\"@type\":\"EntryPoint\",\"urlTemplate\":\"https:\\\/\\\/www.psf-securite.fr\\\/en\\\/?s={search_term_string}\"},\"query-input\":{\"@type\":\"PropertyValueSpecification\",\"valueRequired\":true,\"valueName\":\"search_term_string\"}}],\"inLanguage\":\"en-US\"}]}<\/script>\n<!-- \/ Yoast SEO plugin. -->","yoast_head_json":{"title":"Alarm installer for individuals - Syst\u00e8mes de S\u00e9curit\u00e9","description":"The Alpes-Maritimes department is the department most affected by the burglary in France. Make the right decision with PSF security alarms!","robots":{"index":"index","follow":"follow","max-snippet":"max-snippet:-1","max-image-preview":"max-image-preview:large","max-video-preview":"max-video-preview:-1"},"canonical":"https:\/\/www.psf-securite.fr\/en\/installation-alarm\/particular\/","og_locale":"en_US","og_type":"article","og_title":"Alarm installer for individuals - Syst\u00e8mes de S\u00e9curit\u00e9","og_description":"The Alpes-Maritimes department is the department most affected by the burglary in France. Make the right decision with PSF security alarms!","og_url":"https:\/\/www.psf-securite.fr\/en\/installation-alarm\/particular\/","og_site_name":"Syst\u00e8mes de S\u00e9curit\u00e9","article_modified_time":"2021-02-17T09:23:53+00:00","og_image":[{"width":1600,"height":1068,"url":"https:\/\/www.psf-securite.fr\/wp-content\/uploads\/2016\/06\/psf-securite-alarme-particulier.jpg","type":"image\/jpeg"}],"twitter_card":"summary_large_image","twitter_misc":{"Est. reading time":"2 minutes"},"schema":{"@context":"https:\/\/schema.org","@graph":[{"@type":"WebPage","@id":"https:\/\/www.psf-securite.fr\/en\/installation-alarm\/particular\/","url":"https:\/\/www.psf-securite.fr\/en\/installation-alarm\/particular\/","name":"Alarm installer for individuals - Syst\u00e8mes de S\u00e9curit\u00e9","isPartOf":{"@id":"https:\/\/www.psf-securite.fr\/en\/#website"},"primaryImageOfPage":{"@id":"https:\/\/www.psf-securite.fr\/en\/installation-alarm\/particular\/#primaryimage"},"image":{"@id":"https:\/\/www.psf-securite.fr\/en\/installation-alarm\/particular\/#primaryimage"},"thumbnailUrl":"https:\/\/www.psf-securite.fr\/wp-content\/uploads\/2016\/06\/psf-securite-alarme-particulier.jpg","datePublished":"2016-04-26T13:08:42+00:00","dateModified":"2021-02-17T09:23:53+00:00","description":"The Alpes-Maritimes department is the department most affected by the burglary in France. Make the right decision with PSF security alarms!","breadcrumb":{"@id":"https:\/\/www.psf-securite.fr\/en\/installation-alarm\/particular\/#breadcrumb"},"inLanguage":"en-US","potentialAction":[{"@type":"ReadAction","target":["https:\/\/www.psf-securite.fr\/en\/installation-alarm\/particular\/"]}]},{"@type":"ImageObject","inLanguage":"en-US","@id":"https:\/\/www.psf-securite.fr\/en\/installation-alarm\/particular\/#primaryimage","url":"https:\/\/www.psf-securite.fr\/wp-content\/uploads\/2016\/06\/psf-securite-alarme-particulier.jpg","contentUrl":"https:\/\/www.psf-securite.fr\/wp-content\/uploads\/2016\/06\/psf-securite-alarme-particulier.jpg","width":1600,"height":1068,"caption":"Young brunette woman entering code on keypad of home security alarm. Video intercom next to alarm keypad."},{"@type":"BreadcrumbList","@id":"https:\/\/www.psf-securite.fr\/en\/installation-alarm\/particular\/#breadcrumb","itemListElement":[{"@type":"ListItem","position":1,"name":"Accueil","item":"https:\/\/www.psf-securite.fr\/en\/"},{"@type":"ListItem","position":2,"name":"Alarm","item":"https:\/\/www.psf-securite.fr\/en\/installation-alarm\/"},{"@type":"ListItem","position":3,"name":"Particular"}]},{"@type":"WebSite","@id":"https:\/\/www.psf-securite.fr\/en\/#website","url":"https:\/\/www.psf-securite.fr\/en\/","name":"Syst\u00e8mes de S\u00e9curit\u00e9","description":"","potentialAction":[{"@type":"SearchAction","target":{"@type":"EntryPoint","urlTemplate":"https:\/\/www.psf-securite.fr\/en\/?s={search_term_string}"},"query-input":{"@type":"PropertyValueSpecification","valueRequired":true,"valueName":"search_term_string"}}],"inLanguage":"en-US"}]}},"_links":{"self":[{"href":"https:\/\/www.psf-securite.fr\/en\/wp-json\/wp\/v2\/pages\/87","targetHints":{"allow":["GET"]}}],"collection":[{"href":"https:\/\/www.psf-securite.fr\/en\/wp-json\/wp\/v2\/pages"}],"about":[{"href":"https:\/\/www.psf-securite.fr\/en\/wp-json\/wp\/v2\/types\/page"}],"author":[{"embeddable":true,"href":"https:\/\/www.psf-securite.fr\/en\/wp-json\/wp\/v2\/users\/1"}],"replies":[{"embeddable":true,"href":"https:\/\/www.psf-securite.fr\/en\/wp-json\/wp\/v2\/comments?post=87"}],"version-history":[{"count":0,"href":"https:\/\/www.psf-securite.fr\/en\/wp-json\/wp\/v2\/pages\/87\/revisions"}],"up":[{"embeddable":true,"href":"https:\/\/www.psf-securite.fr\/en\/wp-json\/wp\/v2\/pages\/83"}],"wp:featuredmedia":[{"embeddable":true,"href":"https:\/\/www.psf-securite.fr\/en\/wp-json\/wp\/v2\/media\/946"}],"wp:attachment":[{"href":"https:\/\/www.psf-securite.fr\/en\/wp-json\/wp\/v2\/media?parent=87"}],"curies":[{"name":"wp","href":"https:\/\/api.w.org\/{rel}","templated":true}]}}