{"id":89,"date":"2016-04-26T15:07:35","date_gmt":"2016-04-26T13:07:35","guid":{"rendered":"https:\/\/www.psf-securite.fr\/en\/?page_id=89"},"modified":"2023-05-24T15:39:41","modified_gmt":"2023-05-24T13:39:41","slug":"professional","status":"publish","type":"page","link":"https:\/\/www.psf-securite.fr\/en\/installation-alarm\/professional\/","title":{"rendered":"Professional"},"content":{"rendered":"<h3 style=\"text-align: justify;\">Why install an anti-intrusion alarm system?<\/h3>\n<p id=\"tw-target-text\" class=\"tw-data-text tw-text-large XcVN5d tw-ta\" dir=\"ltr\" data-placeholder=\"Traduction\"><span lang=\"en\">Did you know that out of 400,000 burglaries recorded, <strong>more than 44% of the victims are traders?<\/strong><\/span><\/p>\n<p id=\"tw-target-text\" class=\"tw-data-text tw-text-large XcVN5d tw-ta\" dir=\"ltr\" data-placeholder=\"Traduction\"><span lang=\"en\">Unfortunately, the crime rate continues to rise and many business premises are significantly affected as a result<\/span><\/p>\n<p id=\"tw-target-text\" class=\"tw-data-text tw-text-large XcVN5d tw-ta\" dir=\"ltr\" data-placeholder=\"Traduction\"><span lang=\"en\">Monitoring solutions are becoming more and more advanced, <strong>they allow you to easily monitor and control your environment<\/strong>. So, with the improvement of technology in security solutions and the emergence of very advanced &#8220;smart&#8221; cameras, it becomes more obvious to ensure security in your business.<\/span><\/p>\n<p style=\"text-align: justify;\">To give you peace of mind and ensure that your business <strong>remains secure all year round<\/strong>, at all hours of the day and night, we provide you with <strong>a monitoring system that operates around the clock!<\/strong><\/p>\n<p id=\"tw-target-text\" class=\"tw-data-text tw-text-large XcVN5d tw-ta\" dir=\"ltr\" data-placeholder=\"Traduction\"><span lang=\"en\"><strong>With our reliable and trusted customer service<\/strong>, you can rest assured that one of our professional security technicians will respond to any emergency.<\/span><\/p>\n<p id=\"tw-target-text\" class=\"tw-data-text tw-text-large XcVN5d tw-ta\" dir=\"ltr\" data-placeholder=\"Traduction\"><span lang=\"en\">For the security of your assets and your staff, <strong>Protection S\u00e9curit\u00e9 Fran\u00e7aise (PSF S\u00e9curit\u00e9) has selected the most efficient anti-intrusion protection systems on the market.<\/strong><\/span><\/p>\n<p id=\"tw-target-text\" class=\"tw-data-text tw-text-large XcVN5d tw-ta\" dir=\"ltr\" data-placeholder=\"Traduction\"><span lang=\"en\">Be immediately alerted to risks, thanks to the experts at PSF S\u00e9curit\u00e9!<\/span><\/p>\n","protected":false},"excerpt":{"rendered":"<p>Why install an anti-intrusion alarm system?<br \/>\nDid you know that out of 400,000 burglaries recorded, more than 44% of the victims are traders?<br \/>\nUnfortunately, the crime rate continues to rise and many business premises are significantly affected [&#8230;]<\/p>\n","protected":false},"author":1,"featured_media":2385,"parent":83,"menu_order":0,"comment_status":"closed","ping_status":"closed","template":"","meta":{"_acf_changed":false,"footnotes":""},"class_list":["post-89","page","type-page","status-publish","has-post-thumbnail","hentry"],"acf":[],"yoast_head":"<!-- This site is optimized with the Yoast SEO plugin v27.4 - https:\/\/yoast.com\/product\/yoast-seo-wordpress\/ -->\n<title>Alarm installer for professionals - Syst\u00e8mes de S\u00e9curit\u00e9<\/title>\n<meta name=\"description\" content=\"Did you know that more than 44% of victims are traders? PSF security alarms ensure peace of mind!\" \/>\n<meta name=\"robots\" content=\"index, follow, max-snippet:-1, max-image-preview:large, max-video-preview:-1\" \/>\n<link rel=\"canonical\" href=\"https:\/\/www.psf-securite.fr\/en\/installation-alarm\/professional\/\" \/>\n<meta property=\"og:locale\" content=\"en_US\" \/>\n<meta property=\"og:type\" content=\"article\" \/>\n<meta property=\"og:title\" content=\"Alarm installer for professionals - Syst\u00e8mes de S\u00e9curit\u00e9\" \/>\n<meta property=\"og:description\" content=\"Did you know that more than 44% of victims are traders? PSF security alarms ensure peace of mind!\" \/>\n<meta property=\"og:url\" content=\"https:\/\/www.psf-securite.fr\/en\/installation-alarm\/professional\/\" \/>\n<meta property=\"og:site_name\" content=\"Syst\u00e8mes de S\u00e9curit\u00e9\" \/>\n<meta property=\"article:modified_time\" content=\"2023-05-24T13:39:41+00:00\" \/>\n<meta property=\"og:image\" content=\"https:\/\/www.psf-securite.fr\/wp-content\/uploads\/2023\/05\/PSF-securite-140.jpg\" \/>\n\t<meta property=\"og:image:width\" content=\"1802\" \/>\n\t<meta property=\"og:image:height\" content=\"1363\" \/>\n\t<meta property=\"og:image:type\" content=\"image\/jpeg\" \/>\n<meta name=\"twitter:card\" content=\"summary_large_image\" \/>\n<meta name=\"twitter:label1\" content=\"Est. reading time\" \/>\n\t<meta name=\"twitter:data1\" content=\"1 minute\" \/>\n<script type=\"application\/ld+json\" class=\"yoast-schema-graph\">{\"@context\":\"https:\\\/\\\/schema.org\",\"@graph\":[{\"@type\":\"WebPage\",\"@id\":\"https:\\\/\\\/www.psf-securite.fr\\\/en\\\/installation-alarm\\\/professional\\\/\",\"url\":\"https:\\\/\\\/www.psf-securite.fr\\\/en\\\/installation-alarm\\\/professional\\\/\",\"name\":\"Alarm installer for professionals - Syst\u00e8mes de S\u00e9curit\u00e9\",\"isPartOf\":{\"@id\":\"https:\\\/\\\/www.psf-securite.fr\\\/en\\\/#website\"},\"primaryImageOfPage\":{\"@id\":\"https:\\\/\\\/www.psf-securite.fr\\\/en\\\/installation-alarm\\\/professional\\\/#primaryimage\"},\"image\":{\"@id\":\"https:\\\/\\\/www.psf-securite.fr\\\/en\\\/installation-alarm\\\/professional\\\/#primaryimage\"},\"thumbnailUrl\":\"https:\\\/\\\/www.psf-securite.fr\\\/wp-content\\\/uploads\\\/2023\\\/05\\\/PSF-securite-140.jpg\",\"datePublished\":\"2016-04-26T13:07:35+00:00\",\"dateModified\":\"2023-05-24T13:39:41+00:00\",\"description\":\"Did you know that more than 44% of victims are traders? PSF security alarms ensure peace of mind!\",\"breadcrumb\":{\"@id\":\"https:\\\/\\\/www.psf-securite.fr\\\/en\\\/installation-alarm\\\/professional\\\/#breadcrumb\"},\"inLanguage\":\"en-US\",\"potentialAction\":[{\"@type\":\"ReadAction\",\"target\":[\"https:\\\/\\\/www.psf-securite.fr\\\/en\\\/installation-alarm\\\/professional\\\/\"]}]},{\"@type\":\"ImageObject\",\"inLanguage\":\"en-US\",\"@id\":\"https:\\\/\\\/www.psf-securite.fr\\\/en\\\/installation-alarm\\\/professional\\\/#primaryimage\",\"url\":\"https:\\\/\\\/www.psf-securite.fr\\\/wp-content\\\/uploads\\\/2023\\\/05\\\/PSF-securite-140.jpg\",\"contentUrl\":\"https:\\\/\\\/www.psf-securite.fr\\\/wp-content\\\/uploads\\\/2023\\\/05\\\/PSF-securite-140.jpg\",\"width\":1802,\"height\":1363},{\"@type\":\"BreadcrumbList\",\"@id\":\"https:\\\/\\\/www.psf-securite.fr\\\/en\\\/installation-alarm\\\/professional\\\/#breadcrumb\",\"itemListElement\":[{\"@type\":\"ListItem\",\"position\":1,\"name\":\"Accueil\",\"item\":\"https:\\\/\\\/www.psf-securite.fr\\\/en\\\/\"},{\"@type\":\"ListItem\",\"position\":2,\"name\":\"Alarm\",\"item\":\"https:\\\/\\\/www.psf-securite.fr\\\/en\\\/installation-alarm\\\/\"},{\"@type\":\"ListItem\",\"position\":3,\"name\":\"Professional\"}]},{\"@type\":\"WebSite\",\"@id\":\"https:\\\/\\\/www.psf-securite.fr\\\/en\\\/#website\",\"url\":\"https:\\\/\\\/www.psf-securite.fr\\\/en\\\/\",\"name\":\"Syst\u00e8mes de S\u00e9curit\u00e9\",\"description\":\"\",\"potentialAction\":[{\"@type\":\"SearchAction\",\"target\":{\"@type\":\"EntryPoint\",\"urlTemplate\":\"https:\\\/\\\/www.psf-securite.fr\\\/en\\\/?s={search_term_string}\"},\"query-input\":{\"@type\":\"PropertyValueSpecification\",\"valueRequired\":true,\"valueName\":\"search_term_string\"}}],\"inLanguage\":\"en-US\"}]}<\/script>\n<!-- \/ Yoast SEO plugin. -->","yoast_head_json":{"title":"Alarm installer for professionals - Syst\u00e8mes de S\u00e9curit\u00e9","description":"Did you know that more than 44% of victims are traders? PSF security alarms ensure peace of mind!","robots":{"index":"index","follow":"follow","max-snippet":"max-snippet:-1","max-image-preview":"max-image-preview:large","max-video-preview":"max-video-preview:-1"},"canonical":"https:\/\/www.psf-securite.fr\/en\/installation-alarm\/professional\/","og_locale":"en_US","og_type":"article","og_title":"Alarm installer for professionals - Syst\u00e8mes de S\u00e9curit\u00e9","og_description":"Did you know that more than 44% of victims are traders? PSF security alarms ensure peace of mind!","og_url":"https:\/\/www.psf-securite.fr\/en\/installation-alarm\/professional\/","og_site_name":"Syst\u00e8mes de S\u00e9curit\u00e9","article_modified_time":"2023-05-24T13:39:41+00:00","og_image":[{"width":1802,"height":1363,"url":"https:\/\/www.psf-securite.fr\/wp-content\/uploads\/2023\/05\/PSF-securite-140.jpg","type":"image\/jpeg"}],"twitter_card":"summary_large_image","twitter_misc":{"Est. reading time":"1 minute"},"schema":{"@context":"https:\/\/schema.org","@graph":[{"@type":"WebPage","@id":"https:\/\/www.psf-securite.fr\/en\/installation-alarm\/professional\/","url":"https:\/\/www.psf-securite.fr\/en\/installation-alarm\/professional\/","name":"Alarm installer for professionals - Syst\u00e8mes de S\u00e9curit\u00e9","isPartOf":{"@id":"https:\/\/www.psf-securite.fr\/en\/#website"},"primaryImageOfPage":{"@id":"https:\/\/www.psf-securite.fr\/en\/installation-alarm\/professional\/#primaryimage"},"image":{"@id":"https:\/\/www.psf-securite.fr\/en\/installation-alarm\/professional\/#primaryimage"},"thumbnailUrl":"https:\/\/www.psf-securite.fr\/wp-content\/uploads\/2023\/05\/PSF-securite-140.jpg","datePublished":"2016-04-26T13:07:35+00:00","dateModified":"2023-05-24T13:39:41+00:00","description":"Did you know that more than 44% of victims are traders? PSF security alarms ensure peace of mind!","breadcrumb":{"@id":"https:\/\/www.psf-securite.fr\/en\/installation-alarm\/professional\/#breadcrumb"},"inLanguage":"en-US","potentialAction":[{"@type":"ReadAction","target":["https:\/\/www.psf-securite.fr\/en\/installation-alarm\/professional\/"]}]},{"@type":"ImageObject","inLanguage":"en-US","@id":"https:\/\/www.psf-securite.fr\/en\/installation-alarm\/professional\/#primaryimage","url":"https:\/\/www.psf-securite.fr\/wp-content\/uploads\/2023\/05\/PSF-securite-140.jpg","contentUrl":"https:\/\/www.psf-securite.fr\/wp-content\/uploads\/2023\/05\/PSF-securite-140.jpg","width":1802,"height":1363},{"@type":"BreadcrumbList","@id":"https:\/\/www.psf-securite.fr\/en\/installation-alarm\/professional\/#breadcrumb","itemListElement":[{"@type":"ListItem","position":1,"name":"Accueil","item":"https:\/\/www.psf-securite.fr\/en\/"},{"@type":"ListItem","position":2,"name":"Alarm","item":"https:\/\/www.psf-securite.fr\/en\/installation-alarm\/"},{"@type":"ListItem","position":3,"name":"Professional"}]},{"@type":"WebSite","@id":"https:\/\/www.psf-securite.fr\/en\/#website","url":"https:\/\/www.psf-securite.fr\/en\/","name":"Syst\u00e8mes de S\u00e9curit\u00e9","description":"","potentialAction":[{"@type":"SearchAction","target":{"@type":"EntryPoint","urlTemplate":"https:\/\/www.psf-securite.fr\/en\/?s={search_term_string}"},"query-input":{"@type":"PropertyValueSpecification","valueRequired":true,"valueName":"search_term_string"}}],"inLanguage":"en-US"}]}},"_links":{"self":[{"href":"https:\/\/www.psf-securite.fr\/en\/wp-json\/wp\/v2\/pages\/89","targetHints":{"allow":["GET"]}}],"collection":[{"href":"https:\/\/www.psf-securite.fr\/en\/wp-json\/wp\/v2\/pages"}],"about":[{"href":"https:\/\/www.psf-securite.fr\/en\/wp-json\/wp\/v2\/types\/page"}],"author":[{"embeddable":true,"href":"https:\/\/www.psf-securite.fr\/en\/wp-json\/wp\/v2\/users\/1"}],"replies":[{"embeddable":true,"href":"https:\/\/www.psf-securite.fr\/en\/wp-json\/wp\/v2\/comments?post=89"}],"version-history":[{"count":0,"href":"https:\/\/www.psf-securite.fr\/en\/wp-json\/wp\/v2\/pages\/89\/revisions"}],"up":[{"embeddable":true,"href":"https:\/\/www.psf-securite.fr\/en\/wp-json\/wp\/v2\/pages\/83"}],"wp:featuredmedia":[{"embeddable":true,"href":"https:\/\/www.psf-securite.fr\/en\/wp-json\/wp\/v2\/media\/2385"}],"wp:attachment":[{"href":"https:\/\/www.psf-securite.fr\/en\/wp-json\/wp\/v2\/media?parent=89"}],"curies":[{"name":"wp","href":"https:\/\/api.w.org\/{rel}","templated":true}]}}