{"id":91,"date":"2016-04-26T15:13:58","date_gmt":"2016-04-26T13:13:58","guid":{"rendered":"https:\/\/www.psf-securite.fr\/en\/?page_id=91"},"modified":"2023-05-24T15:42:07","modified_gmt":"2023-05-24T13:42:07","slug":"assistance","status":"publish","type":"page","link":"https:\/\/www.psf-securite.fr\/en\/assistance\/","title":{"rendered":"Assistance"},"content":{"rendered":"<h3 id=\"tw-target-text\" class=\"tw-data-text tw-text-large XcVN5d tw-ta\" dir=\"ltr\" data-placeholder=\"Traduction\"><span lang=\"en\">Remote assistance (remote control of equipment)<\/span><\/h3>\n<p id=\"tw-target-text\" class=\"tw-data-text tw-text-large XcVN5d tw-ta\" dir=\"ltr\" data-placeholder=\"Traduction\"><span lang=\"en\">Do you need assistance in using our products?<\/span><\/p>\n<p>You can contact our technical assistance free of charge on 06 61 80 07 07\/09 83 54 81 39<\/p>\n<p id=\"tw-target-text\" class=\"tw-data-text tw-text-large XcVN5d tw-ta\" dir=\"ltr\" data-placeholder=\"Traduction\"><span lang=\"en\">Our technicians based in Nice will advise you on the technical solutions to take into account in the event of a problem encountered. But also on your <a href=\"https:\/\/www.psf-securite.fr\/en\/antibes-video-surveillance-installation\/\">video surveillance problems in Antibes<\/a> and <a href=\"https:\/\/www.psf-securite.fr\/en\/installation-alarme-a-antibes\/\">alarms in Antibes.<\/a><\/span><\/p>\n<p style=\"text-align: justify;\">PSF security technicians provide technical assistance by telephone, by going directly to the user or by connecting remotely to the computer concerned.<\/p>\n<p style=\"text-align: justify;\">Intervention by telephone has two advantages:<\/p>\n<ol style=\"text-align: justify;\">\n<li>\n<p id=\"tw-target-text\" class=\"tw-data-text tw-text-large XcVN5d tw-ta\" dir=\"ltr\" data-placeholder=\"Traduction\"><span lang=\"en\">By connecting remotely, the technician brings you a quick and instant solution <\/span><\/p>\n<\/li>\n<li>\n<p id=\"tw-target-text\" class=\"tw-data-text tw-text-large XcVN5d tw-ta\" dir=\"ltr\" data-placeholder=\"Traduction\"><span lang=\"en\">You are assisted in real time and you can quickly resume your work<\/span><\/p>\n<\/li>\n<\/ol>\n<h3 id=\"tw-target-text\" class=\"tw-data-text tw-text-large XcVN5d tw-ta\" dir=\"ltr\" data-placeholder=\"Traduction\"><span lang=\"en\">Roadside assistance<\/span><\/h3>\n<p style=\"text-align: justify;\">Do you need assistance in using our products? You can contact our technical assistance free of charge on 06 61 80 07 07\/09 83 54 81 39&nbsp; Our technicians based in Nice are at your disposal and intervene within 48 hours!<\/p>\n","protected":false},"excerpt":{"rendered":"<p>Remote assistance (remote control of equipment)<br \/>\nDo you need assistance in using our products?<br \/>\nYou can contact our technical assistance free of charge on 06 61 80 07 07\/09 83 54 81 39<br \/>\nOur technicians based in Nice [&#8230;]<\/p>\n","protected":false},"author":1,"featured_media":2394,"parent":0,"menu_order":0,"comment_status":"closed","ping_status":"closed","template":"","meta":{"_acf_changed":false,"footnotes":""},"class_list":["post-91","page","type-page","status-publish","has-post-thumbnail","hentry"],"acf":[],"yoast_head":"<!-- This site is optimized with the Yoast SEO plugin v27.3 - https:\/\/yoast.com\/product\/yoast-seo-wordpress\/ -->\n<title>Alarm and video surveillance assistance<\/title>\n<meta name=\"description\" content=\"You can contact our technical assistance free of charge on 06 61 80 07 07\/09 83 54 81 39\" \/>\n<meta name=\"robots\" content=\"index, follow, max-snippet:-1, max-image-preview:large, max-video-preview:-1\" \/>\n<link rel=\"canonical\" href=\"https:\/\/www.psf-securite.fr\/en\/assistance\/\" \/>\n<meta property=\"og:locale\" content=\"en_US\" \/>\n<meta property=\"og:type\" content=\"article\" \/>\n<meta property=\"og:title\" content=\"Alarm and video surveillance assistance\" \/>\n<meta property=\"og:description\" content=\"You can contact our technical assistance free of charge on 06 61 80 07 07\/09 83 54 81 39\" \/>\n<meta property=\"og:url\" content=\"https:\/\/www.psf-securite.fr\/en\/assistance\/\" \/>\n<meta property=\"og:site_name\" content=\"Syst\u00e8mes de S\u00e9curit\u00e9\" \/>\n<meta property=\"article:modified_time\" content=\"2023-05-24T13:42:07+00:00\" \/>\n<meta property=\"og:image\" content=\"https:\/\/www.psf-securite.fr\/wp-content\/uploads\/2023\/05\/PSF-securite-149.jpg\" \/>\n\t<meta property=\"og:image:width\" content=\"1200\" \/>\n\t<meta property=\"og:image:height\" content=\"801\" \/>\n\t<meta property=\"og:image:type\" content=\"image\/jpeg\" \/>\n<meta name=\"twitter:card\" content=\"summary_large_image\" \/>\n<meta name=\"twitter:label1\" content=\"Est. reading time\" \/>\n\t<meta name=\"twitter:data1\" content=\"1 minute\" \/>\n<script type=\"application\/ld+json\" class=\"yoast-schema-graph\">{\"@context\":\"https:\\\/\\\/schema.org\",\"@graph\":[{\"@type\":\"WebPage\",\"@id\":\"https:\\\/\\\/www.psf-securite.fr\\\/en\\\/assistance\\\/\",\"url\":\"https:\\\/\\\/www.psf-securite.fr\\\/en\\\/assistance\\\/\",\"name\":\"Alarm and video surveillance assistance\",\"isPartOf\":{\"@id\":\"https:\\\/\\\/www.psf-securite.fr\\\/en\\\/#website\"},\"primaryImageOfPage\":{\"@id\":\"https:\\\/\\\/www.psf-securite.fr\\\/en\\\/assistance\\\/#primaryimage\"},\"image\":{\"@id\":\"https:\\\/\\\/www.psf-securite.fr\\\/en\\\/assistance\\\/#primaryimage\"},\"thumbnailUrl\":\"https:\\\/\\\/www.psf-securite.fr\\\/wp-content\\\/uploads\\\/2023\\\/05\\\/PSF-securite-149.jpg\",\"datePublished\":\"2016-04-26T13:13:58+00:00\",\"dateModified\":\"2023-05-24T13:42:07+00:00\",\"description\":\"You can contact our technical assistance free of charge on 06 61 80 07 07\\\/09 83 54 81 39\",\"breadcrumb\":{\"@id\":\"https:\\\/\\\/www.psf-securite.fr\\\/en\\\/assistance\\\/#breadcrumb\"},\"inLanguage\":\"en-US\",\"potentialAction\":[{\"@type\":\"ReadAction\",\"target\":[\"https:\\\/\\\/www.psf-securite.fr\\\/en\\\/assistance\\\/\"]}]},{\"@type\":\"ImageObject\",\"inLanguage\":\"en-US\",\"@id\":\"https:\\\/\\\/www.psf-securite.fr\\\/en\\\/assistance\\\/#primaryimage\",\"url\":\"https:\\\/\\\/www.psf-securite.fr\\\/wp-content\\\/uploads\\\/2023\\\/05\\\/PSF-securite-149.jpg\",\"contentUrl\":\"https:\\\/\\\/www.psf-securite.fr\\\/wp-content\\\/uploads\\\/2023\\\/05\\\/PSF-securite-149.jpg\",\"width\":1200,\"height\":801},{\"@type\":\"BreadcrumbList\",\"@id\":\"https:\\\/\\\/www.psf-securite.fr\\\/en\\\/assistance\\\/#breadcrumb\",\"itemListElement\":[{\"@type\":\"ListItem\",\"position\":1,\"name\":\"Accueil\",\"item\":\"https:\\\/\\\/www.psf-securite.fr\\\/en\\\/\"},{\"@type\":\"ListItem\",\"position\":2,\"name\":\"Assistance\"}]},{\"@type\":\"WebSite\",\"@id\":\"https:\\\/\\\/www.psf-securite.fr\\\/en\\\/#website\",\"url\":\"https:\\\/\\\/www.psf-securite.fr\\\/en\\\/\",\"name\":\"Syst\u00e8mes de S\u00e9curit\u00e9\",\"description\":\"\",\"potentialAction\":[{\"@type\":\"SearchAction\",\"target\":{\"@type\":\"EntryPoint\",\"urlTemplate\":\"https:\\\/\\\/www.psf-securite.fr\\\/en\\\/?s={search_term_string}\"},\"query-input\":{\"@type\":\"PropertyValueSpecification\",\"valueRequired\":true,\"valueName\":\"search_term_string\"}}],\"inLanguage\":\"en-US\"}]}<\/script>\n<!-- \/ Yoast SEO plugin. -->","yoast_head_json":{"title":"Alarm and video surveillance assistance","description":"You can contact our technical assistance free of charge on 06 61 80 07 07\/09 83 54 81 39","robots":{"index":"index","follow":"follow","max-snippet":"max-snippet:-1","max-image-preview":"max-image-preview:large","max-video-preview":"max-video-preview:-1"},"canonical":"https:\/\/www.psf-securite.fr\/en\/assistance\/","og_locale":"en_US","og_type":"article","og_title":"Alarm and video surveillance assistance","og_description":"You can contact our technical assistance free of charge on 06 61 80 07 07\/09 83 54 81 39","og_url":"https:\/\/www.psf-securite.fr\/en\/assistance\/","og_site_name":"Syst\u00e8mes de S\u00e9curit\u00e9","article_modified_time":"2023-05-24T13:42:07+00:00","og_image":[{"width":1200,"height":801,"url":"https:\/\/www.psf-securite.fr\/wp-content\/uploads\/2023\/05\/PSF-securite-149.jpg","type":"image\/jpeg"}],"twitter_card":"summary_large_image","twitter_misc":{"Est. reading time":"1 minute"},"schema":{"@context":"https:\/\/schema.org","@graph":[{"@type":"WebPage","@id":"https:\/\/www.psf-securite.fr\/en\/assistance\/","url":"https:\/\/www.psf-securite.fr\/en\/assistance\/","name":"Alarm and video surveillance assistance","isPartOf":{"@id":"https:\/\/www.psf-securite.fr\/en\/#website"},"primaryImageOfPage":{"@id":"https:\/\/www.psf-securite.fr\/en\/assistance\/#primaryimage"},"image":{"@id":"https:\/\/www.psf-securite.fr\/en\/assistance\/#primaryimage"},"thumbnailUrl":"https:\/\/www.psf-securite.fr\/wp-content\/uploads\/2023\/05\/PSF-securite-149.jpg","datePublished":"2016-04-26T13:13:58+00:00","dateModified":"2023-05-24T13:42:07+00:00","description":"You can contact our technical assistance free of charge on 06 61 80 07 07\/09 83 54 81 39","breadcrumb":{"@id":"https:\/\/www.psf-securite.fr\/en\/assistance\/#breadcrumb"},"inLanguage":"en-US","potentialAction":[{"@type":"ReadAction","target":["https:\/\/www.psf-securite.fr\/en\/assistance\/"]}]},{"@type":"ImageObject","inLanguage":"en-US","@id":"https:\/\/www.psf-securite.fr\/en\/assistance\/#primaryimage","url":"https:\/\/www.psf-securite.fr\/wp-content\/uploads\/2023\/05\/PSF-securite-149.jpg","contentUrl":"https:\/\/www.psf-securite.fr\/wp-content\/uploads\/2023\/05\/PSF-securite-149.jpg","width":1200,"height":801},{"@type":"BreadcrumbList","@id":"https:\/\/www.psf-securite.fr\/en\/assistance\/#breadcrumb","itemListElement":[{"@type":"ListItem","position":1,"name":"Accueil","item":"https:\/\/www.psf-securite.fr\/en\/"},{"@type":"ListItem","position":2,"name":"Assistance"}]},{"@type":"WebSite","@id":"https:\/\/www.psf-securite.fr\/en\/#website","url":"https:\/\/www.psf-securite.fr\/en\/","name":"Syst\u00e8mes de S\u00e9curit\u00e9","description":"","potentialAction":[{"@type":"SearchAction","target":{"@type":"EntryPoint","urlTemplate":"https:\/\/www.psf-securite.fr\/en\/?s={search_term_string}"},"query-input":{"@type":"PropertyValueSpecification","valueRequired":true,"valueName":"search_term_string"}}],"inLanguage":"en-US"}]}},"_links":{"self":[{"href":"https:\/\/www.psf-securite.fr\/en\/wp-json\/wp\/v2\/pages\/91","targetHints":{"allow":["GET"]}}],"collection":[{"href":"https:\/\/www.psf-securite.fr\/en\/wp-json\/wp\/v2\/pages"}],"about":[{"href":"https:\/\/www.psf-securite.fr\/en\/wp-json\/wp\/v2\/types\/page"}],"author":[{"embeddable":true,"href":"https:\/\/www.psf-securite.fr\/en\/wp-json\/wp\/v2\/users\/1"}],"replies":[{"embeddable":true,"href":"https:\/\/www.psf-securite.fr\/en\/wp-json\/wp\/v2\/comments?post=91"}],"version-history":[{"count":0,"href":"https:\/\/www.psf-securite.fr\/en\/wp-json\/wp\/v2\/pages\/91\/revisions"}],"wp:featuredmedia":[{"embeddable":true,"href":"https:\/\/www.psf-securite.fr\/en\/wp-json\/wp\/v2\/media\/2394"}],"wp:attachment":[{"href":"https:\/\/www.psf-securite.fr\/en\/wp-json\/wp\/v2\/media?parent=91"}],"curies":[{"name":"wp","href":"https:\/\/api.w.org\/{rel}","templated":true}]}}